{"id":36106,"date":"2024-11-20T15:07:55","date_gmt":"2024-11-20T20:07:55","guid":{"rendered":"http:\/\/fpmc.qroo.gob.mx\/?page_id=36106"},"modified":"2024-11-29T14:54:43","modified_gmt":"2024-11-29T19:54:43","slug":"comite-de-control-y-desempeno-institucional","status":"publish","type":"page","link":"https:\/\/fpmc.qroo.gob.mx\/index.php\/comite-de-control-y-desempeno-institucional\/","title":{"rendered":"COCODI"},"content":{"rendered":"\t\t<div data-elementor-type=\"wp-page\" data-elementor-id=\"36106\" class=\"elementor elementor-36106\">\n\t\t\t\t<div class=\"elementor-element elementor-element-bddd4e5 e-flex e-con-boxed e-con e-parent\" data-id=\"bddd4e5\" data-element_type=\"container\">\n\t\t\t\t\t<div class=\"e-con-inner\">\n\t\t\t\t<div class=\"elementor-element elementor-element-00ebef6 elementor-widget elementor-widget-heading\" data-id=\"00ebef6\" data-element_type=\"widget\" data-widget_type=\"heading.default\">\n\t\t\t\t<div class=\"elementor-widget-container\">\n\t\t\t<h2 class=\"elementor-heading-title elementor-size-default\">COCODI<\/h2>\t\t<\/div>\n\t\t\t\t<\/div>\n\t\t\t\t\t<\/div>\n\t\t\t\t<\/div>\n\t\t<div class=\"elementor-element elementor-element-b63f9be e-flex e-con-boxed e-con e-parent\" data-id=\"b63f9be\" data-element_type=\"container\">\n\t\t\t\t\t<div class=\"e-con-inner\">\n\t\t\t\t<div class=\"elementor-element elementor-element-fe8e054 elementor-widget-divider--view-line elementor-widget elementor-widget-divider\" data-id=\"fe8e054\" data-element_type=\"widget\" data-widget_type=\"divider.default\">\n\t\t\t\t<div class=\"elementor-widget-container\">\n\t\t\t\t\t<div class=\"elementor-divider\">\n\t\t\t<span class=\"elementor-divider-separator\">\n\t\t\t\t\t\t<\/span>\n\t\t<\/div>\n\t\t\t\t<\/div>\n\t\t\t\t<\/div>\n\t\t\t\t\t<\/div>\n\t\t\t\t<\/div>\n\t\t<div class=\"elementor-element elementor-element-f55a1b9 e-flex e-con-boxed e-con e-parent\" data-id=\"f55a1b9\" data-element_type=\"container\">\n\t\t\t\t\t<div class=\"e-con-inner\">\n\t\t\t\t<div class=\"elementor-element elementor-element-11f9fd6 elementor-widget elementor-widget-toggle\" data-id=\"11f9fd6\" data-element_type=\"widget\" data-widget_type=\"toggle.default\">\n\t\t\t\t<div class=\"elementor-widget-container\">\n\t\t\t\t\t<div class=\"elementor-toggle\">\n\t\t\t\t\t\t\t<div class=\"elementor-toggle-item\">\n\t\t\t\t\t<div id=\"elementor-tab-title-1881\" class=\"elementor-tab-title\" data-tab=\"1\" role=\"button\" aria-controls=\"elementor-tab-content-1881\" aria-expanded=\"false\">\n\t\t\t\t\t\t\t\t\t\t\t\t<span class=\"elementor-toggle-icon elementor-toggle-icon-left\" aria-hidden=\"true\">\n\t\t\t\t\t\t\t\t\t\t\t\t\t\t\t<span class=\"elementor-toggle-icon-closed\"><svg class=\"e-font-icon-svg e-fas-caret-right\" viewBox=\"0 0 192 512\" xmlns=\"http:\/\/www.w3.org\/2000\/svg\"><path d=\"M0 384.662V127.338c0-17.818 21.543-26.741 34.142-14.142l128.662 128.662c7.81 7.81 7.81 20.474 0 28.284L34.142 398.804C21.543 411.404 0 402.48 0 384.662z\"><\/path><\/svg><\/span>\n\t\t\t\t\t\t\t\t<span class=\"elementor-toggle-icon-opened\"><svg class=\"elementor-toggle-icon-opened e-font-icon-svg e-fas-caret-up\" viewBox=\"0 0 320 512\" xmlns=\"http:\/\/www.w3.org\/2000\/svg\"><path d=\"M288.662 352H31.338c-17.818 0-26.741-21.543-14.142-34.142l128.662-128.662c7.81-7.81 20.474-7.81 28.284 0l128.662 128.662c12.6 12.599 3.676 34.142-14.142 34.142z\"><\/path><\/svg><\/span>\n\t\t\t\t\t\t\t\t\t\t\t\t\t<\/span>\n\t\t\t\t\t\t\t\t\t\t\t\t<a class=\"elementor-toggle-title\" tabindex=\"0\">ACTA DE REINSTALACION <\/a>\n\t\t\t\t\t<\/div>\n\n\t\t\t\t\t<div id=\"elementor-tab-content-1881\" class=\"elementor-tab-content elementor-clearfix\" data-tab=\"1\" role=\"region\" aria-labelledby=\"elementor-tab-title-1881\"><table>\n<tbody>\n<tr>\n<th class=\"cell-num\">No\u00b0<\/th>\n<th>Descripci\u00f3n<\/th>\n<th class=\"cell-descarga\">Descargar<\/th>\n<\/tr>\n<tr>\n<td class=\"cell-num\">1<\/td>\n<td>ACTA DE REINSTALACION DEL COMITE DE CONTROL Y DESEMPE\u00d1O INSTITUCIONAL DE LA FPMC<\/td>\n<td class=\"cell-descarga\"><a href=\"https:\/\/drive.google.com\/file\/d\/1zs2fd65pKb0WYBqJ2Z85A9R557dusF2i\/view?usp=sharinge\">Haz clic aqu\u00ed<\/a><\/td>\n<\/tr>\n<\/tbody>\n<\/table><\/div>\n\t\t\t\t<\/div>\n\t\t\t\t\t\t\t<div class=\"elementor-toggle-item\">\n\t\t\t\t\t<div id=\"elementor-tab-title-1882\" class=\"elementor-tab-title\" data-tab=\"2\" role=\"button\" aria-controls=\"elementor-tab-content-1882\" aria-expanded=\"false\">\n\t\t\t\t\t\t\t\t\t\t\t\t<span class=\"elementor-toggle-icon elementor-toggle-icon-left\" aria-hidden=\"true\">\n\t\t\t\t\t\t\t\t\t\t\t\t\t\t\t<span class=\"elementor-toggle-icon-closed\"><svg class=\"e-font-icon-svg e-fas-caret-right\" viewBox=\"0 0 192 512\" xmlns=\"http:\/\/www.w3.org\/2000\/svg\"><path d=\"M0 384.662V127.338c0-17.818 21.543-26.741 34.142-14.142l128.662 128.662c7.81 7.81 7.81 20.474 0 28.284L34.142 398.804C21.543 411.404 0 402.48 0 384.662z\"><\/path><\/svg><\/span>\n\t\t\t\t\t\t\t\t<span class=\"elementor-toggle-icon-opened\"><svg class=\"elementor-toggle-icon-opened e-font-icon-svg e-fas-caret-up\" viewBox=\"0 0 320 512\" xmlns=\"http:\/\/www.w3.org\/2000\/svg\"><path d=\"M288.662 352H31.338c-17.818 0-26.741-21.543-14.142-34.142l128.662-128.662c7.81-7.81 20.474-7.81 28.284 0l128.662 128.662c12.6 12.599 3.676 34.142-14.142 34.142z\"><\/path><\/svg><\/span>\n\t\t\t\t\t\t\t\t\t\t\t\t\t<\/span>\n\t\t\t\t\t\t\t\t\t\t\t\t<a class=\"elementor-toggle-title\" tabindex=\"0\">NORMATIVIDAD DE CONTROL INTERNO<\/a>\n\t\t\t\t\t<\/div>\n\n\t\t\t\t\t<div id=\"elementor-tab-content-1882\" class=\"elementor-tab-content elementor-clearfix\" data-tab=\"2\" role=\"region\" aria-labelledby=\"elementor-tab-title-1882\"><table>\n<tbody>\n<tr>\n<th class=\"cell-num\">No\u00b0<\/th>\n<th>Descripci\u00f3n<\/th>\n<th class=\"cell-descarga\">Descargar<\/th>\n<\/tr>\n<tr>\n<td class=\"cell-num\">1<\/td>\n<td>Acuerdo por el que se emiten las Pol\u00edticas de Administraci\u00f3n de Riesgos y los Lineamientos de la Metodolog\u00eda para la Identificaci\u00f3n y Evaluaci\u00f3n de Riesgos de Procesos para la Administraci\u00f3n P\u00fablica Central y Paraestatal del Estado de Quintana Roo.<\/td>\n<td class=\"cell-descarga\"><a href=\"https:\/\/drive.google.com\/file\/d\/19EZhKqwtmeDjzLJBdYY12U5QrlvJyjSl\/view?usp=sharing\">Haz clic aqu\u00ed<\/a><\/td>\n<\/tr>\n<tr>\n<td class=\"cell-num\">2<\/td>\n<td>Acuerdo por el que se emite la Metodolog\u00eda para determinar el Estado que Guarda el Sistema de Control Interno Institucional y los Lineamientos para la Elaboraci\u00f3n y Presentaci\u00f3n de si informe para la Administraci\u00f3n P\u00fablica Central y Paraestatal del Estado.<\/td>\n<td class=\"cell-descarga\"><a href=\"https:\/\/drive.google.com\/file\/d\/1IoOJH-wbueOzXLFnrwoRfvByeoTC7_lp\/view?usp=sharing\">Haz clic aqu\u00ed<\/a><\/td>\n<\/tr>\n<tr>\n<td class=\"cell-num\">3<\/td>\n<td>Acuerdo por el que se emite la Estrategia de Capacitaci\u00f3n en Materia de Control Interno y Riesgos para la Administraci\u00f3n P\u00fablica Central y Paraestatal del Estado de Quintana Roo.<\/td>\n<td class=\"cell-descarga\"><a href=\"https:\/\/drive.google.com\/file\/d\/1DTzgPORf2bKP-Mf7Ej1c8nCaNLhT8zKh\/view?usp=sharing\">Haz clic aqu\u00ed<\/a><\/td>\n<\/tr>\n<tr>\n<td class=\"cell-num\">4<\/td>\n<td>Marco Integrado de Control Interno.<\/td>\n<td class=\"cell-descarga\"><a href=\"https:\/\/drive.google.com\/file\/d\/1lGHXEsV1qznnVSlpsFpGH324CO1x-w6Q\/view?usp=sharing\">Haz clic aqu\u00ed<\/a><\/td>\n<\/tr>\n<tr>\n<td class=\"cell-num\">5<\/td>\n<td>Acuerdo por el que se emiten las Normas Generales de Control Interno de la Administraci\u00f3n P\u00fablica Central y Paraestatal del Estado de Quintana Roo. <\/td>\n<td class=\"cell-descarga\"><a href=\"https:\/\/drive.google.com\/file\/d\/1sSG7xbSDoePhVBxpAInp7-N_CR_WzUtm\/view?usp=sharing\">Haz clic aqu\u00ed<\/a><\/td>\n<\/tr>\n<tr>\n<td class=\"cell-num\">6<\/td>\n<td>Acuerdo por el cual se emiten los Lineamientos para la Integraci\u00f3n y Funcionamiento de los Comit\u00e9s de Control Interno y Desempe\u00f1o Institucional para la Administraci\u00f3n P\u00fablica Central y Paraestatal del Estado de Quintana Roo. <\/td>\n<td class=\"cell-descarga\"><a href=\"https:\/\/drive.google.com\/file\/d\/1PlsPuXKcjFl4OL51SqNAsmJt9E0s2kkL\/view?usp=sharing\">Haz clic aqu\u00ed<\/a><\/td>\n<\/tr>\n<\/tbody>\n<\/table><\/div>\n\t\t\t\t<\/div>\n\t\t\t\t\t\t\t\t<\/div>\n\t\t\t\t<\/div>\n\t\t\t\t<\/div>\n\t\t\t\t\t<\/div>\n\t\t\t\t<\/div>\n\t\t\t\t<\/div>\n\t\t","protected":false},"excerpt":{"rendered":"<p>COCODI ACTA DE REINSTALACION No\u00b0 Descripci\u00f3n Descargar 1 ACTA DE REINSTALACION DEL COMITE DE CONTROL Y DESEMPE\u00d1O INSTITUCIONAL DE LA FPMC Haz clic aqu\u00ed NORMATIVIDAD DE CONTROL INTERNO No\u00b0 Descripci\u00f3n Descargar 1 Acuerdo por el que se emiten las Pol\u00edticas de Administraci\u00f3n de Riesgos y los Lineamientos de la Metodolog\u00eda para la Identificaci\u00f3n y Evaluaci\u00f3n &#8230; <a title=\"COCODI\" class=\"read-more\" href=\"https:\/\/fpmc.qroo.gob.mx\/index.php\/comite-de-control-y-desempeno-institucional\/\" aria-label=\"Leer m\u00e1s sobre COCODI\">Leer m\u00e1s<\/a><\/p>\n","protected":false},"author":5,"featured_media":0,"parent":0,"menu_order":0,"comment_status":"closed","ping_status":"closed","template":"","meta":{"footnotes":""},"class_list":["post-36106","page","type-page","status-publish"],"yoast_head":"<!-- This site is optimized with the Yoast SEO plugin v23.6 - https:\/\/yoast.com\/wordpress\/plugins\/seo\/ -->\n<title>COCODI - Fundaci\u00f3n de Parques y Museos de Cozumel<\/title>\n<meta name=\"robots\" content=\"index, follow, max-snippet:-1, max-image-preview:large, max-video-preview:-1\" \/>\n<link rel=\"canonical\" href=\"https:\/\/fpmc.qroo.gob.mx\/index.php\/comite-de-control-y-desempeno-institucional\/\" \/>\n<meta property=\"og:locale\" content=\"es_MX\" \/>\n<meta property=\"og:type\" content=\"article\" \/>\n<meta property=\"og:title\" content=\"COCODI - Fundaci\u00f3n de Parques y Museos de Cozumel\" \/>\n<meta property=\"og:description\" content=\"COCODI ACTA DE REINSTALACION No\u00b0 Descripci\u00f3n Descargar 1 ACTA DE REINSTALACION DEL COMITE DE CONTROL Y DESEMPE\u00d1O INSTITUCIONAL DE LA FPMC Haz clic aqu\u00ed NORMATIVIDAD DE CONTROL INTERNO No\u00b0 Descripci\u00f3n Descargar 1 Acuerdo por el que se emiten las Pol\u00edticas de Administraci\u00f3n de Riesgos y los Lineamientos de la Metodolog\u00eda para la Identificaci\u00f3n y Evaluaci\u00f3n ... Leer m\u00e1s\" \/>\n<meta property=\"og:url\" content=\"https:\/\/fpmc.qroo.gob.mx\/index.php\/comite-de-control-y-desempeno-institucional\/\" \/>\n<meta property=\"og:site_name\" content=\"Fundaci\u00f3n de Parques y Museos de Cozumel\" \/>\n<meta property=\"article:modified_time\" content=\"2024-11-29T19:54:43+00:00\" \/>\n<meta name=\"twitter:card\" content=\"summary_large_image\" \/>\n<meta name=\"twitter:label1\" content=\"Tiempo de lectura\" \/>\n\t<meta name=\"twitter:data1\" content=\"2 minutos\" \/>\n<script type=\"application\/ld+json\" class=\"yoast-schema-graph\">{\"@context\":\"https:\/\/schema.org\",\"@graph\":[{\"@type\":\"WebPage\",\"@id\":\"https:\/\/fpmc.qroo.gob.mx\/index.php\/comite-de-control-y-desempeno-institucional\/\",\"url\":\"https:\/\/fpmc.qroo.gob.mx\/index.php\/comite-de-control-y-desempeno-institucional\/\",\"name\":\"COCODI - Fundaci\u00f3n de Parques y Museos de Cozumel\",\"isPartOf\":{\"@id\":\"https:\/\/fpmc.qroo.gob.mx\/#website\"},\"datePublished\":\"2024-11-20T20:07:55+00:00\",\"dateModified\":\"2024-11-29T19:54:43+00:00\",\"breadcrumb\":{\"@id\":\"https:\/\/fpmc.qroo.gob.mx\/index.php\/comite-de-control-y-desempeno-institucional\/#breadcrumb\"},\"inLanguage\":\"es\",\"potentialAction\":[{\"@type\":\"ReadAction\",\"target\":[\"https:\/\/fpmc.qroo.gob.mx\/index.php\/comite-de-control-y-desempeno-institucional\/\"]}]},{\"@type\":\"BreadcrumbList\",\"@id\":\"https:\/\/fpmc.qroo.gob.mx\/index.php\/comite-de-control-y-desempeno-institucional\/#breadcrumb\",\"itemListElement\":[{\"@type\":\"ListItem\",\"position\":1,\"name\":\"Inicio\",\"item\":\"https:\/\/fpmc.qroo.gob.mx\/\"},{\"@type\":\"ListItem\",\"position\":2,\"name\":\"COCODI\"}]},{\"@type\":\"WebSite\",\"@id\":\"https:\/\/fpmc.qroo.gob.mx\/#website\",\"url\":\"https:\/\/fpmc.qroo.gob.mx\/\",\"name\":\"Fundaci\u00f3n de Parques y Museos de Cozumel\",\"description\":\"\",\"publisher\":{\"@id\":\"https:\/\/fpmc.qroo.gob.mx\/#organization\"},\"potentialAction\":[{\"@type\":\"SearchAction\",\"target\":{\"@type\":\"EntryPoint\",\"urlTemplate\":\"https:\/\/fpmc.qroo.gob.mx\/?s={search_term_string}\"},\"query-input\":{\"@type\":\"PropertyValueSpecification\",\"valueRequired\":true,\"valueName\":\"search_term_string\"}}],\"inLanguage\":\"es\"},{\"@type\":\"Organization\",\"@id\":\"https:\/\/fpmc.qroo.gob.mx\/#organization\",\"name\":\"Fundaci\u00f3n de Parques y Museos de Cozumel\",\"url\":\"https:\/\/fpmc.qroo.gob.mx\/\",\"logo\":{\"@type\":\"ImageObject\",\"inLanguage\":\"es\",\"@id\":\"https:\/\/fpmc.qroo.gob.mx\/#\/schema\/logo\/image\/\",\"url\":\"https:\/\/fpmc.qroo.gob.mx\/wp-content\/uploads\/2024\/03\/logo-de-gobierno.png\",\"contentUrl\":\"https:\/\/fpmc.qroo.gob.mx\/wp-content\/uploads\/2024\/03\/logo-de-gobierno.png\",\"width\":1876,\"height\":596,\"caption\":\"Fundaci\u00f3n de Parques y Museos de Cozumel\"},\"image\":{\"@id\":\"https:\/\/fpmc.qroo.gob.mx\/#\/schema\/logo\/image\/\"}}]}<\/script>\n<!-- \/ Yoast SEO plugin. -->","yoast_head_json":{"title":"COCODI - Fundaci\u00f3n de Parques y Museos de Cozumel","robots":{"index":"index","follow":"follow","max-snippet":"max-snippet:-1","max-image-preview":"max-image-preview:large","max-video-preview":"max-video-preview:-1"},"canonical":"https:\/\/fpmc.qroo.gob.mx\/index.php\/comite-de-control-y-desempeno-institucional\/","og_locale":"es_MX","og_type":"article","og_title":"COCODI - Fundaci\u00f3n de Parques y Museos de Cozumel","og_description":"COCODI ACTA DE REINSTALACION No\u00b0 Descripci\u00f3n Descargar 1 ACTA DE REINSTALACION DEL COMITE DE CONTROL Y DESEMPE\u00d1O INSTITUCIONAL DE LA FPMC Haz clic aqu\u00ed NORMATIVIDAD DE CONTROL INTERNO No\u00b0 Descripci\u00f3n Descargar 1 Acuerdo por el que se emiten las Pol\u00edticas de Administraci\u00f3n de Riesgos y los Lineamientos de la Metodolog\u00eda para la Identificaci\u00f3n y Evaluaci\u00f3n ... Leer m\u00e1s","og_url":"https:\/\/fpmc.qroo.gob.mx\/index.php\/comite-de-control-y-desempeno-institucional\/","og_site_name":"Fundaci\u00f3n de Parques y Museos de Cozumel","article_modified_time":"2024-11-29T19:54:43+00:00","twitter_card":"summary_large_image","twitter_misc":{"Tiempo de lectura":"2 minutos"},"schema":{"@context":"https:\/\/schema.org","@graph":[{"@type":"WebPage","@id":"https:\/\/fpmc.qroo.gob.mx\/index.php\/comite-de-control-y-desempeno-institucional\/","url":"https:\/\/fpmc.qroo.gob.mx\/index.php\/comite-de-control-y-desempeno-institucional\/","name":"COCODI - Fundaci\u00f3n de Parques y Museos de Cozumel","isPartOf":{"@id":"https:\/\/fpmc.qroo.gob.mx\/#website"},"datePublished":"2024-11-20T20:07:55+00:00","dateModified":"2024-11-29T19:54:43+00:00","breadcrumb":{"@id":"https:\/\/fpmc.qroo.gob.mx\/index.php\/comite-de-control-y-desempeno-institucional\/#breadcrumb"},"inLanguage":"es","potentialAction":[{"@type":"ReadAction","target":["https:\/\/fpmc.qroo.gob.mx\/index.php\/comite-de-control-y-desempeno-institucional\/"]}]},{"@type":"BreadcrumbList","@id":"https:\/\/fpmc.qroo.gob.mx\/index.php\/comite-de-control-y-desempeno-institucional\/#breadcrumb","itemListElement":[{"@type":"ListItem","position":1,"name":"Inicio","item":"https:\/\/fpmc.qroo.gob.mx\/"},{"@type":"ListItem","position":2,"name":"COCODI"}]},{"@type":"WebSite","@id":"https:\/\/fpmc.qroo.gob.mx\/#website","url":"https:\/\/fpmc.qroo.gob.mx\/","name":"Fundaci\u00f3n de Parques y Museos de Cozumel","description":"","publisher":{"@id":"https:\/\/fpmc.qroo.gob.mx\/#organization"},"potentialAction":[{"@type":"SearchAction","target":{"@type":"EntryPoint","urlTemplate":"https:\/\/fpmc.qroo.gob.mx\/?s={search_term_string}"},"query-input":{"@type":"PropertyValueSpecification","valueRequired":true,"valueName":"search_term_string"}}],"inLanguage":"es"},{"@type":"Organization","@id":"https:\/\/fpmc.qroo.gob.mx\/#organization","name":"Fundaci\u00f3n de Parques y Museos de Cozumel","url":"https:\/\/fpmc.qroo.gob.mx\/","logo":{"@type":"ImageObject","inLanguage":"es","@id":"https:\/\/fpmc.qroo.gob.mx\/#\/schema\/logo\/image\/","url":"https:\/\/fpmc.qroo.gob.mx\/wp-content\/uploads\/2024\/03\/logo-de-gobierno.png","contentUrl":"https:\/\/fpmc.qroo.gob.mx\/wp-content\/uploads\/2024\/03\/logo-de-gobierno.png","width":1876,"height":596,"caption":"Fundaci\u00f3n de Parques y Museos de Cozumel"},"image":{"@id":"https:\/\/fpmc.qroo.gob.mx\/#\/schema\/logo\/image\/"}}]}},"_links":{"self":[{"href":"https:\/\/fpmc.qroo.gob.mx\/index.php\/wp-json\/wp\/v2\/pages\/36106"}],"collection":[{"href":"https:\/\/fpmc.qroo.gob.mx\/index.php\/wp-json\/wp\/v2\/pages"}],"about":[{"href":"https:\/\/fpmc.qroo.gob.mx\/index.php\/wp-json\/wp\/v2\/types\/page"}],"author":[{"embeddable":true,"href":"https:\/\/fpmc.qroo.gob.mx\/index.php\/wp-json\/wp\/v2\/users\/5"}],"replies":[{"embeddable":true,"href":"https:\/\/fpmc.qroo.gob.mx\/index.php\/wp-json\/wp\/v2\/comments?post=36106"}],"version-history":[{"count":60,"href":"https:\/\/fpmc.qroo.gob.mx\/index.php\/wp-json\/wp\/v2\/pages\/36106\/revisions"}],"predecessor-version":[{"id":36607,"href":"https:\/\/fpmc.qroo.gob.mx\/index.php\/wp-json\/wp\/v2\/pages\/36106\/revisions\/36607"}],"wp:attachment":[{"href":"https:\/\/fpmc.qroo.gob.mx\/index.php\/wp-json\/wp\/v2\/media?parent=36106"}],"curies":[{"name":"wp","href":"https:\/\/api.w.org\/{rel}","templated":true}]}}