{"id":36616,"date":"2025-01-07T11:24:30","date_gmt":"2025-01-07T16:24:30","guid":{"rendered":"https:\/\/fpmc.qroo.gob.mx\/?page_id=36616"},"modified":"2025-01-07T14:04:33","modified_gmt":"2025-01-07T19:04:33","slug":"formatos-de-solicitudes-de-informacion-y-ejercicio-de-derechos-arco","status":"publish","type":"page","link":"https:\/\/fpmc.qroo.gob.mx\/index.php\/formatos-de-solicitudes-de-informacion-y-ejercicio-de-derechos-arco\/","title":{"rendered":"Formatos de solicitudes de informaci\u00f3n y Ejercicio de derechos arco"},"content":{"rendered":"\t\t<div data-elementor-type=\"wp-page\" data-elementor-id=\"36616\" class=\"elementor elementor-36616\">\n\t\t\t\t<div class=\"elementor-element elementor-element-4f04272 e-flex e-con-boxed e-con e-parent\" data-id=\"4f04272\" data-element_type=\"container\">\n\t\t\t\t\t<div class=\"e-con-inner\">\n\t\t\t\t<div class=\"elementor-element elementor-element-855015c elementor-widget elementor-widget-heading\" data-id=\"855015c\" data-element_type=\"widget\" data-widget_type=\"heading.default\">\n\t\t\t\t<div class=\"elementor-widget-container\">\n\t\t\t<h2 class=\"elementor-heading-title elementor-size-default\">Formatos de Solicitudes de Informaci\u00f3n y Ejercicio de Derechos Arco<\/h2>\t\t<\/div>\n\t\t\t\t<\/div>\n\t\t\t\t\t<\/div>\n\t\t\t\t<\/div>\n\t\t<div class=\"elementor-element elementor-element-88b16f2 e-flex e-con-boxed e-con e-parent\" data-id=\"88b16f2\" data-element_type=\"container\">\n\t\t\t\t\t<div class=\"e-con-inner\">\n\t\t\t\t<div class=\"elementor-element elementor-element-2f7b6fb elementor-widget-divider--view-line elementor-widget elementor-widget-divider\" data-id=\"2f7b6fb\" data-element_type=\"widget\" data-widget_type=\"divider.default\">\n\t\t\t\t<div class=\"elementor-widget-container\">\n\t\t\t\t\t<div class=\"elementor-divider\">\n\t\t\t<span class=\"elementor-divider-separator\">\n\t\t\t\t\t\t<\/span>\n\t\t<\/div>\n\t\t\t\t<\/div>\n\t\t\t\t<\/div>\n\t\t\t\t\t<\/div>\n\t\t\t\t<\/div>\n\t\t<div class=\"elementor-element elementor-element-23d1b3a e-flex e-con-boxed e-con e-parent\" data-id=\"23d1b3a\" data-element_type=\"container\">\n\t\t\t\t\t<div class=\"e-con-inner\">\n\t\t\t\t<div class=\"elementor-element elementor-element-56819ce elementor-widget elementor-widget-eael-adv-accordion\" data-id=\"56819ce\" data-element_type=\"widget\" data-widget_type=\"eael-adv-accordion.default\">\n\t\t\t\t<div class=\"elementor-widget-container\">\n\t\t\t        <div class=\"eael-adv-accordion\" id=\"eael-adv-accordion-56819ce\" data-scroll-on-click=\"no\" data-scroll-speed=\"300\" data-accordion-id=\"56819ce\" data-accordion-type=\"accordion\" data-toogle-speed=\"300\">\n    <div class=\"eael-accordion-list\">\n                <div id=\"formatos\" class=\"elementor-tab-title eael-accordion-header\" tabindex=\"0\" data-tab=\"1\" aria-controls=\"elementor-tab-content-9071\"><span class=\"eael-advanced-accordion-icon-closed\"><svg aria-hidden=\"true\" class=\"fa-accordion-icon e-font-icon-svg e-fas-plus\" viewBox=\"0 0 448 512\" xmlns=\"http:\/\/www.w3.org\/2000\/svg\"><path d=\"M416 208H272V64c0-17.67-14.33-32-32-32h-32c-17.67 0-32 14.33-32 32v144H32c-17.67 0-32 14.33-32 32v32c0 17.67 14.33 32 32 32h144v144c0 17.67 14.33 32 32 32h32c17.67 0 32-14.33 32-32V304h144c17.67 0 32-14.33 32-32v-32c0-17.67-14.33-32-32-32z\"><\/path><\/svg><\/span><span class=\"eael-advanced-accordion-icon-opened\"><svg aria-hidden=\"true\" class=\"fa-accordion-icon e-font-icon-svg e-fas-minus\" viewBox=\"0 0 448 512\" xmlns=\"http:\/\/www.w3.org\/2000\/svg\"><path d=\"M416 208H32c-17.67 0-32 14.33-32 32v32c0 17.67 14.33 32 32 32h384c17.67 0 32-14.33 32-32v-32c0-17.67-14.33-32-32-32z\"><\/path><\/svg><\/span><span class=\"eael-accordion-tab-title\">Formatos<\/span><svg aria-hidden=\"true\" class=\"fa-toggle e-font-icon-svg e-fas-angle-right\" viewBox=\"0 0 256 512\" xmlns=\"http:\/\/www.w3.org\/2000\/svg\"><path d=\"M224.3 273l-136 136c-9.4 9.4-24.6 9.4-33.9 0l-22.6-22.6c-9.4-9.4-9.4-24.6 0-33.9l96.4-96.4-96.4-96.4c-9.4-9.4-9.4-24.6 0-33.9L54.3 103c9.4-9.4 24.6-9.4 33.9 0l136 136c9.5 9.4 9.5 24.6.1 34z\"><\/path><\/svg><\/div><div id=\"elementor-tab-content-9071\" class=\"eael-accordion-content clearfix\" data-tab=\"1\" aria-labelledby=\"formatos\"><table><tbody><tr><th class=\"cell-num\">No\u00b0<\/th><th>Descripci\u00f3n<\/th><th class=\"cell-descarga\">Descargar<\/th><\/tr><tr><td class=\"cell-num\">1<\/td><td>FORMATO DE SOLICITUDES DE INFORMACION PUBLICA.<\/td><td class=\"cell-descarga\"><a href=\"http:\/\/fpmc.qroo.gob.mx\/wp-content\/uploads\/2025\/01\/Formato-Solicitud-de-Informacion-Publica_.pdf\">Haz clic aqu\u00ed<\/a><\/td><\/tr><tr><td class=\"cell-num\">2<\/td><td>FORMATO DE SOLICITUD DE DERECHO ARCO.<\/td><td class=\"cell-descarga\"><a href=\"http:\/\/fpmc.qroo.gob.mx\/wp-content\/uploads\/2025\/01\/Formato-Solicitud-Derechos-ARCO.pdf\">Haz clic aqu\u00ed<\/a><\/td><\/tr><tr><td class=\"cell-num\">3<\/td><td>FORMATO DE DENUNCIAS POR INCUMPLIMIENTO.<\/td><td class=\"cell-descarga\"><a href=\"http:\/\/fpmc.qroo.gob.mx\/wp-content\/uploads\/2025\/01\/Formato-denuncia-por-Incumplimiento.pdf\">Haz clic aqu\u00ed<\/a><\/td><\/tr><tr><td class=\"cell-num\">4<\/td><td>FORMATO DE RECURSO DE REVISION DE SOLICITUD DE ACCESO DE INFORMACION.<\/td><td class=\"cell-descarga\"><a href=\"http:\/\/fpmc.qroo.gob.mx\/wp-content\/uploads\/2025\/01\/FRR-Acceso-a-la-Informacion.pdf\">Haz clic aqu\u00ed<\/a><\/td><\/tr><tr><td class=\"cell-num\">5<\/td><td>FORMATO DE RECEPCION DE RECURSO DE REVISION ARCO Y PORTABILIDAD.<\/td><td class=\"cell-descarga\"><a href=\"http:\/\/fpmc.qroo.gob.mx\/wp-content\/uploads\/2025\/01\/FRR-ARCOyPortabilidad.pdf\">Haz clic aqu\u00ed<\/a><\/td><\/tr><\/tbody><\/table><\/div>\n                <\/div><\/div>\t\t<\/div>\n\t\t\t\t<\/div>\n\t\t\t\t\t<\/div>\n\t\t\t\t<\/div>\n\t\t<div class=\"elementor-element elementor-element-476bddc e-flex e-con-boxed e-con e-parent\" data-id=\"476bddc\" data-element_type=\"container\">\n\t\t\t\t\t<div class=\"e-con-inner\">\n\t\t\t\t<div class=\"elementor-element elementor-element-04956cd elementor-widget-divider--view-line elementor-widget elementor-widget-divider\" data-id=\"04956cd\" data-element_type=\"widget\" data-widget_type=\"divider.default\">\n\t\t\t\t<div class=\"elementor-widget-container\">\n\t\t\t\t\t<div class=\"elementor-divider\">\n\t\t\t<span class=\"elementor-divider-separator\">\n\t\t\t\t\t\t<\/span>\n\t\t<\/div>\n\t\t\t\t<\/div>\n\t\t\t\t<\/div>\n\t\t\t\t\t<\/div>\n\t\t\t\t<\/div>\n\t\t\t\t<\/div>\n\t\t","protected":false},"excerpt":{"rendered":"<p>Formatos de Solicitudes de Informaci\u00f3n y Ejercicio de Derechos Arco Formatos No\u00b0 Descripci\u00f3n Descargar 1 FORMATO DE SOLICITUDES DE INFORMACION PUBLICA. Haz clic aqu\u00ed 2 FORMATO DE SOLICITUD DE DERECHO ARCO. Haz clic aqu\u00ed 3 FORMATO DE DENUNCIAS POR INCUMPLIMIENTO. Haz clic aqu\u00ed 4 FORMATO DE RECURSO DE REVISION DE SOLICITUD DE ACCESO DE INFORMACION. &#8230; <a title=\"Formatos de solicitudes de informaci\u00f3n y Ejercicio de derechos arco\" class=\"read-more\" href=\"https:\/\/fpmc.qroo.gob.mx\/index.php\/formatos-de-solicitudes-de-informacion-y-ejercicio-de-derechos-arco\/\" aria-label=\"Leer m\u00e1s sobre Formatos de solicitudes de informaci\u00f3n y Ejercicio de derechos arco\">Leer m\u00e1s<\/a><\/p>\n","protected":false},"author":5,"featured_media":0,"parent":0,"menu_order":0,"comment_status":"closed","ping_status":"closed","template":"","meta":{"footnotes":""},"class_list":["post-36616","page","type-page","status-publish"],"yoast_head":"<!-- This site is optimized with the Yoast SEO plugin v23.6 - https:\/\/yoast.com\/wordpress\/plugins\/seo\/ -->\n<title>Formatos de solicitudes de informaci\u00f3n y Ejercicio de derechos arco - Fundaci\u00f3n de Parques y Museos de Cozumel<\/title>\n<meta name=\"robots\" content=\"index, follow, max-snippet:-1, max-image-preview:large, max-video-preview:-1\" \/>\n<link rel=\"canonical\" href=\"https:\/\/fpmc.qroo.gob.mx\/index.php\/formatos-de-solicitudes-de-informacion-y-ejercicio-de-derechos-arco\/\" \/>\n<meta property=\"og:locale\" content=\"es_MX\" \/>\n<meta property=\"og:type\" content=\"article\" \/>\n<meta property=\"og:title\" content=\"Formatos de solicitudes de informaci\u00f3n y Ejercicio de derechos arco - Fundaci\u00f3n de Parques y Museos de Cozumel\" \/>\n<meta property=\"og:description\" content=\"Formatos de Solicitudes de Informaci\u00f3n y Ejercicio de Derechos Arco Formatos No\u00b0 Descripci\u00f3n Descargar 1 FORMATO DE SOLICITUDES DE INFORMACION PUBLICA. Haz clic aqu\u00ed 2 FORMATO DE SOLICITUD DE DERECHO ARCO. Haz clic aqu\u00ed 3 FORMATO DE DENUNCIAS POR INCUMPLIMIENTO. Haz clic aqu\u00ed 4 FORMATO DE RECURSO DE REVISION DE SOLICITUD DE ACCESO DE INFORMACION. ... Leer m\u00e1s\" \/>\n<meta property=\"og:url\" content=\"https:\/\/fpmc.qroo.gob.mx\/index.php\/formatos-de-solicitudes-de-informacion-y-ejercicio-de-derechos-arco\/\" \/>\n<meta property=\"og:site_name\" content=\"Fundaci\u00f3n de Parques y Museos de Cozumel\" \/>\n<meta property=\"article:modified_time\" content=\"2025-01-07T19:04:33+00:00\" \/>\n<meta name=\"twitter:card\" content=\"summary_large_image\" \/>\n<meta name=\"twitter:label1\" content=\"Tiempo de lectura\" \/>\n\t<meta name=\"twitter:data1\" content=\"1 minuto\" \/>\n<script type=\"application\/ld+json\" class=\"yoast-schema-graph\">{\"@context\":\"https:\/\/schema.org\",\"@graph\":[{\"@type\":\"WebPage\",\"@id\":\"https:\/\/fpmc.qroo.gob.mx\/index.php\/formatos-de-solicitudes-de-informacion-y-ejercicio-de-derechos-arco\/\",\"url\":\"https:\/\/fpmc.qroo.gob.mx\/index.php\/formatos-de-solicitudes-de-informacion-y-ejercicio-de-derechos-arco\/\",\"name\":\"Formatos de solicitudes de informaci\u00f3n y Ejercicio de derechos arco - Fundaci\u00f3n de Parques y Museos de Cozumel\",\"isPartOf\":{\"@id\":\"https:\/\/fpmc.qroo.gob.mx\/#website\"},\"datePublished\":\"2025-01-07T16:24:30+00:00\",\"dateModified\":\"2025-01-07T19:04:33+00:00\",\"breadcrumb\":{\"@id\":\"https:\/\/fpmc.qroo.gob.mx\/index.php\/formatos-de-solicitudes-de-informacion-y-ejercicio-de-derechos-arco\/#breadcrumb\"},\"inLanguage\":\"es\",\"potentialAction\":[{\"@type\":\"ReadAction\",\"target\":[\"https:\/\/fpmc.qroo.gob.mx\/index.php\/formatos-de-solicitudes-de-informacion-y-ejercicio-de-derechos-arco\/\"]}]},{\"@type\":\"BreadcrumbList\",\"@id\":\"https:\/\/fpmc.qroo.gob.mx\/index.php\/formatos-de-solicitudes-de-informacion-y-ejercicio-de-derechos-arco\/#breadcrumb\",\"itemListElement\":[{\"@type\":\"ListItem\",\"position\":1,\"name\":\"Inicio\",\"item\":\"https:\/\/fpmc.qroo.gob.mx\/\"},{\"@type\":\"ListItem\",\"position\":2,\"name\":\"Formatos de solicitudes de informaci\u00f3n y Ejercicio de derechos arco\"}]},{\"@type\":\"WebSite\",\"@id\":\"https:\/\/fpmc.qroo.gob.mx\/#website\",\"url\":\"https:\/\/fpmc.qroo.gob.mx\/\",\"name\":\"Fundaci\u00f3n de Parques y Museos de Cozumel\",\"description\":\"\",\"publisher\":{\"@id\":\"https:\/\/fpmc.qroo.gob.mx\/#organization\"},\"potentialAction\":[{\"@type\":\"SearchAction\",\"target\":{\"@type\":\"EntryPoint\",\"urlTemplate\":\"https:\/\/fpmc.qroo.gob.mx\/?s={search_term_string}\"},\"query-input\":{\"@type\":\"PropertyValueSpecification\",\"valueRequired\":true,\"valueName\":\"search_term_string\"}}],\"inLanguage\":\"es\"},{\"@type\":\"Organization\",\"@id\":\"https:\/\/fpmc.qroo.gob.mx\/#organization\",\"name\":\"Fundaci\u00f3n de Parques y Museos de Cozumel\",\"url\":\"https:\/\/fpmc.qroo.gob.mx\/\",\"logo\":{\"@type\":\"ImageObject\",\"inLanguage\":\"es\",\"@id\":\"https:\/\/fpmc.qroo.gob.mx\/#\/schema\/logo\/image\/\",\"url\":\"https:\/\/fpmc.qroo.gob.mx\/wp-content\/uploads\/2024\/03\/logo-de-gobierno.png\",\"contentUrl\":\"https:\/\/fpmc.qroo.gob.mx\/wp-content\/uploads\/2024\/03\/logo-de-gobierno.png\",\"width\":1876,\"height\":596,\"caption\":\"Fundaci\u00f3n de Parques y Museos de Cozumel\"},\"image\":{\"@id\":\"https:\/\/fpmc.qroo.gob.mx\/#\/schema\/logo\/image\/\"}}]}<\/script>\n<!-- \/ Yoast SEO plugin. -->","yoast_head_json":{"title":"Formatos de solicitudes de informaci\u00f3n y Ejercicio de derechos arco - Fundaci\u00f3n de Parques y Museos de Cozumel","robots":{"index":"index","follow":"follow","max-snippet":"max-snippet:-1","max-image-preview":"max-image-preview:large","max-video-preview":"max-video-preview:-1"},"canonical":"https:\/\/fpmc.qroo.gob.mx\/index.php\/formatos-de-solicitudes-de-informacion-y-ejercicio-de-derechos-arco\/","og_locale":"es_MX","og_type":"article","og_title":"Formatos de solicitudes de informaci\u00f3n y Ejercicio de derechos arco - Fundaci\u00f3n de Parques y Museos de Cozumel","og_description":"Formatos de Solicitudes de Informaci\u00f3n y Ejercicio de Derechos Arco Formatos No\u00b0 Descripci\u00f3n Descargar 1 FORMATO DE SOLICITUDES DE INFORMACION PUBLICA. Haz clic aqu\u00ed 2 FORMATO DE SOLICITUD DE DERECHO ARCO. Haz clic aqu\u00ed 3 FORMATO DE DENUNCIAS POR INCUMPLIMIENTO. Haz clic aqu\u00ed 4 FORMATO DE RECURSO DE REVISION DE SOLICITUD DE ACCESO DE INFORMACION. ... Leer m\u00e1s","og_url":"https:\/\/fpmc.qroo.gob.mx\/index.php\/formatos-de-solicitudes-de-informacion-y-ejercicio-de-derechos-arco\/","og_site_name":"Fundaci\u00f3n de Parques y Museos de Cozumel","article_modified_time":"2025-01-07T19:04:33+00:00","twitter_card":"summary_large_image","twitter_misc":{"Tiempo de lectura":"1 minuto"},"schema":{"@context":"https:\/\/schema.org","@graph":[{"@type":"WebPage","@id":"https:\/\/fpmc.qroo.gob.mx\/index.php\/formatos-de-solicitudes-de-informacion-y-ejercicio-de-derechos-arco\/","url":"https:\/\/fpmc.qroo.gob.mx\/index.php\/formatos-de-solicitudes-de-informacion-y-ejercicio-de-derechos-arco\/","name":"Formatos de solicitudes de informaci\u00f3n y Ejercicio de derechos arco - Fundaci\u00f3n de Parques y Museos de Cozumel","isPartOf":{"@id":"https:\/\/fpmc.qroo.gob.mx\/#website"},"datePublished":"2025-01-07T16:24:30+00:00","dateModified":"2025-01-07T19:04:33+00:00","breadcrumb":{"@id":"https:\/\/fpmc.qroo.gob.mx\/index.php\/formatos-de-solicitudes-de-informacion-y-ejercicio-de-derechos-arco\/#breadcrumb"},"inLanguage":"es","potentialAction":[{"@type":"ReadAction","target":["https:\/\/fpmc.qroo.gob.mx\/index.php\/formatos-de-solicitudes-de-informacion-y-ejercicio-de-derechos-arco\/"]}]},{"@type":"BreadcrumbList","@id":"https:\/\/fpmc.qroo.gob.mx\/index.php\/formatos-de-solicitudes-de-informacion-y-ejercicio-de-derechos-arco\/#breadcrumb","itemListElement":[{"@type":"ListItem","position":1,"name":"Inicio","item":"https:\/\/fpmc.qroo.gob.mx\/"},{"@type":"ListItem","position":2,"name":"Formatos de solicitudes de informaci\u00f3n y Ejercicio de derechos arco"}]},{"@type":"WebSite","@id":"https:\/\/fpmc.qroo.gob.mx\/#website","url":"https:\/\/fpmc.qroo.gob.mx\/","name":"Fundaci\u00f3n de Parques y Museos de Cozumel","description":"","publisher":{"@id":"https:\/\/fpmc.qroo.gob.mx\/#organization"},"potentialAction":[{"@type":"SearchAction","target":{"@type":"EntryPoint","urlTemplate":"https:\/\/fpmc.qroo.gob.mx\/?s={search_term_string}"},"query-input":{"@type":"PropertyValueSpecification","valueRequired":true,"valueName":"search_term_string"}}],"inLanguage":"es"},{"@type":"Organization","@id":"https:\/\/fpmc.qroo.gob.mx\/#organization","name":"Fundaci\u00f3n de Parques y Museos de Cozumel","url":"https:\/\/fpmc.qroo.gob.mx\/","logo":{"@type":"ImageObject","inLanguage":"es","@id":"https:\/\/fpmc.qroo.gob.mx\/#\/schema\/logo\/image\/","url":"https:\/\/fpmc.qroo.gob.mx\/wp-content\/uploads\/2024\/03\/logo-de-gobierno.png","contentUrl":"https:\/\/fpmc.qroo.gob.mx\/wp-content\/uploads\/2024\/03\/logo-de-gobierno.png","width":1876,"height":596,"caption":"Fundaci\u00f3n de Parques y Museos de Cozumel"},"image":{"@id":"https:\/\/fpmc.qroo.gob.mx\/#\/schema\/logo\/image\/"}}]}},"_links":{"self":[{"href":"https:\/\/fpmc.qroo.gob.mx\/index.php\/wp-json\/wp\/v2\/pages\/36616"}],"collection":[{"href":"https:\/\/fpmc.qroo.gob.mx\/index.php\/wp-json\/wp\/v2\/pages"}],"about":[{"href":"https:\/\/fpmc.qroo.gob.mx\/index.php\/wp-json\/wp\/v2\/types\/page"}],"author":[{"embeddable":true,"href":"https:\/\/fpmc.qroo.gob.mx\/index.php\/wp-json\/wp\/v2\/users\/5"}],"replies":[{"embeddable":true,"href":"https:\/\/fpmc.qroo.gob.mx\/index.php\/wp-json\/wp\/v2\/comments?post=36616"}],"version-history":[{"count":16,"href":"https:\/\/fpmc.qroo.gob.mx\/index.php\/wp-json\/wp\/v2\/pages\/36616\/revisions"}],"predecessor-version":[{"id":36762,"href":"https:\/\/fpmc.qroo.gob.mx\/index.php\/wp-json\/wp\/v2\/pages\/36616\/revisions\/36762"}],"wp:attachment":[{"href":"https:\/\/fpmc.qroo.gob.mx\/index.php\/wp-json\/wp\/v2\/media?parent=36616"}],"curies":[{"name":"wp","href":"https:\/\/api.w.org\/{rel}","templated":true}]}}