{"id":36879,"date":"2025-02-07T17:08:17","date_gmt":"2025-02-07T22:08:17","guid":{"rendered":"https:\/\/fpmc.qroo.gob.mx\/?page_id=36879"},"modified":"2026-01-30T14:17:05","modified_gmt":"2026-01-30T19:17:05","slug":"archivo","status":"publish","type":"page","link":"https:\/\/fpmc.qroo.gob.mx\/index.php\/archivo\/","title":{"rendered":"Archivo"},"content":{"rendered":"\t\t<div data-elementor-type=\"wp-page\" data-elementor-id=\"36879\" class=\"elementor elementor-36879\">\n\t\t\t\t<div class=\"elementor-element elementor-element-d33d710 e-flex e-con-boxed e-con e-parent\" data-id=\"d33d710\" data-element_type=\"container\">\n\t\t\t\t\t<div class=\"e-con-inner\">\n\t\t\t\t<div class=\"elementor-element elementor-element-5cf6240 elementor-widget elementor-widget-heading\" data-id=\"5cf6240\" data-element_type=\"widget\" data-widget_type=\"heading.default\">\n\t\t\t\t<div class=\"elementor-widget-container\">\n\t\t\t<h2 class=\"elementor-heading-title elementor-size-default\">Archivo de la FPMC<\/h2>\t\t<\/div>\n\t\t\t\t<\/div>\n\t\t\t\t\t<\/div>\n\t\t\t\t<\/div>\n\t\t<div class=\"elementor-element elementor-element-30c9ba1 e-flex e-con-boxed e-con e-parent\" data-id=\"30c9ba1\" data-element_type=\"container\">\n\t\t\t\t\t<div class=\"e-con-inner\">\n\t\t\t\t<div class=\"elementor-element elementor-element-371f9a7 elementor-widget-divider--view-line elementor-widget elementor-widget-divider\" data-id=\"371f9a7\" data-element_type=\"widget\" data-widget_type=\"divider.default\">\n\t\t\t\t<div class=\"elementor-widget-container\">\n\t\t\t\t\t<div class=\"elementor-divider\">\n\t\t\t<span class=\"elementor-divider-separator\">\n\t\t\t\t\t\t<\/span>\n\t\t<\/div>\n\t\t\t\t<\/div>\n\t\t\t\t<\/div>\n\t\t\t\t\t<\/div>\n\t\t\t\t<\/div>\n\t\t<div class=\"elementor-element elementor-element-a0a50b6 e-flex e-con-boxed e-con e-parent\" data-id=\"a0a50b6\" data-element_type=\"container\">\n\t\t\t\t\t<div class=\"e-con-inner\">\n\t\t\t\t<div class=\"elementor-element elementor-element-78f94df elementor-widget elementor-widget-eael-adv-accordion\" data-id=\"78f94df\" data-element_type=\"widget\" data-widget_type=\"eael-adv-accordion.default\">\n\t\t\t\t<div class=\"elementor-widget-container\">\n\t\t\t        <div class=\"eael-adv-accordion\" id=\"eael-adv-accordion-78f94df\" data-scroll-on-click=\"no\" data-scroll-speed=\"300\" data-accordion-id=\"78f94df\" data-accordion-type=\"accordion\" data-toogle-speed=\"300\">\n    <div class=\"eael-accordion-list\">\n                <div id=\"informe-de-cumplimiento-del-programa-anual-de-desarrollo-archivstico-2024\" class=\"elementor-tab-title eael-accordion-header\" tabindex=\"0\" data-tab=\"1\" aria-controls=\"elementor-tab-content-1261\"><span class=\"eael-advanced-accordion-icon-closed\"><svg aria-hidden=\"true\" class=\"fa-accordion-icon e-font-icon-svg e-fas-plus\" viewBox=\"0 0 448 512\" xmlns=\"http:\/\/www.w3.org\/2000\/svg\"><path d=\"M416 208H272V64c0-17.67-14.33-32-32-32h-32c-17.67 0-32 14.33-32 32v144H32c-17.67 0-32 14.33-32 32v32c0 17.67 14.33 32 32 32h144v144c0 17.67 14.33 32 32 32h32c17.67 0 32-14.33 32-32V304h144c17.67 0 32-14.33 32-32v-32c0-17.67-14.33-32-32-32z\"><\/path><\/svg><\/span><span class=\"eael-advanced-accordion-icon-opened\"><svg aria-hidden=\"true\" class=\"fa-accordion-icon e-font-icon-svg e-fas-minus\" viewBox=\"0 0 448 512\" xmlns=\"http:\/\/www.w3.org\/2000\/svg\"><path d=\"M416 208H32c-17.67 0-32 14.33-32 32v32c0 17.67 14.33 32 32 32h384c17.67 0 32-14.33 32-32v-32c0-17.67-14.33-32-32-32z\"><\/path><\/svg><\/span><span class=\"eael-accordion-tab-title\">Informe de Cumplimiento del Programa Anual de Desarrollo Archiv\u00edstico 2024<\/span><svg aria-hidden=\"true\" class=\"fa-toggle e-font-icon-svg e-fas-angle-right\" viewBox=\"0 0 256 512\" xmlns=\"http:\/\/www.w3.org\/2000\/svg\"><path d=\"M224.3 273l-136 136c-9.4 9.4-24.6 9.4-33.9 0l-22.6-22.6c-9.4-9.4-9.4-24.6 0-33.9l96.4-96.4-96.4-96.4c-9.4-9.4-9.4-24.6 0-33.9L54.3 103c9.4-9.4 24.6-9.4 33.9 0l136 136c9.5 9.4 9.5 24.6.1 34z\"><\/path><\/svg><\/div><div id=\"elementor-tab-content-1261\" class=\"eael-accordion-content clearfix\" data-tab=\"1\" aria-labelledby=\"informe-de-cumplimiento-del-programa-anual-de-desarrollo-archivstico-2024\"><table>\n<tbody>\n<tr>\n<th class=\"cell-num\">No\u00b0<\/th>\n<th>Descripci\u00f3n<\/th>\n<th class=\"cell-descarga\">Descargar<\/th>\n<\/tr>\n<tr>\n<td class=\"cell-num\">1<\/td>\n<td>Informe de Cumplimiento del Programa Anual de Desarrollo Archiv\u00edstico 2024<\/td>\n<td class=\"cell-descarga\"><a href=\"https:\/\/drive.google.com\/file\/d\/1n67su9fNFkG1dmrp-r8FopyqhlrzwV_J\/view?usp=sharing\">Haz clic aqu\u00ed<\/a><\/td>\n<\/tr>\n<\/tbody>\n<\/table><\/div>\n                <\/div><div class=\"eael-accordion-list\">\n                <div id=\"programa-anual-de-desarrollo-archivstico-2025\" class=\"elementor-tab-title eael-accordion-header\" tabindex=\"0\" data-tab=\"2\" aria-controls=\"elementor-tab-content-1262\"><span class=\"eael-advanced-accordion-icon-closed\"><svg aria-hidden=\"true\" class=\"fa-accordion-icon e-font-icon-svg e-fas-plus\" viewBox=\"0 0 448 512\" xmlns=\"http:\/\/www.w3.org\/2000\/svg\"><path d=\"M416 208H272V64c0-17.67-14.33-32-32-32h-32c-17.67 0-32 14.33-32 32v144H32c-17.67 0-32 14.33-32 32v32c0 17.67 14.33 32 32 32h144v144c0 17.67 14.33 32 32 32h32c17.67 0 32-14.33 32-32V304h144c17.67 0 32-14.33 32-32v-32c0-17.67-14.33-32-32-32z\"><\/path><\/svg><\/span><span class=\"eael-advanced-accordion-icon-opened\"><svg aria-hidden=\"true\" class=\"fa-accordion-icon e-font-icon-svg e-fas-minus\" viewBox=\"0 0 448 512\" xmlns=\"http:\/\/www.w3.org\/2000\/svg\"><path d=\"M416 208H32c-17.67 0-32 14.33-32 32v32c0 17.67 14.33 32 32 32h384c17.67 0 32-14.33 32-32v-32c0-17.67-14.33-32-32-32z\"><\/path><\/svg><\/span><span class=\"eael-accordion-tab-title\">Programa Anual de Desarrollo Archiv\u00edstico 2025<\/span><svg aria-hidden=\"true\" class=\"fa-toggle e-font-icon-svg e-fas-angle-right\" viewBox=\"0 0 256 512\" xmlns=\"http:\/\/www.w3.org\/2000\/svg\"><path d=\"M224.3 273l-136 136c-9.4 9.4-24.6 9.4-33.9 0l-22.6-22.6c-9.4-9.4-9.4-24.6 0-33.9l96.4-96.4-96.4-96.4c-9.4-9.4-9.4-24.6 0-33.9L54.3 103c9.4-9.4 24.6-9.4 33.9 0l136 136c9.5 9.4 9.5 24.6.1 34z\"><\/path><\/svg><\/div><div id=\"elementor-tab-content-1262\" class=\"eael-accordion-content clearfix\" data-tab=\"2\" aria-labelledby=\"programa-anual-de-desarrollo-archivstico-2025\"><table>\n<tbody>\n<tr>\n<th class=\"cell-num\">No\u00b0<\/th>\n<th>Descripci\u00f3n<\/th>\n<th class=\"cell-descarga\">Descargar<\/th>\n<\/tr>\n<tr>\n<td class=\"cell-num\">1<\/td>\n<td>Programa Anual de Desarrollo Archiv\u00edstico 2025<\/td>\n<td class=\"cell-descarga\"><a href=\"https:\/\/drive.google.com\/file\/d\/1xvXuijLtabkr0QHbBSGXSyWqcy5N_BMe\/view?usp=sharing\">Haz clic aqu\u00ed<\/a><\/td>\n<\/tr>\n<\/tbody>\n<\/table><\/div>\n                <\/div><div class=\"eael-accordion-list\">\n                <div id=\"informe-de-cumplimiento-del-programa-anual-de-desarrollo-archivstico-2025\" class=\"elementor-tab-title eael-accordion-header\" tabindex=\"0\" data-tab=\"3\" aria-controls=\"elementor-tab-content-1263\"><span class=\"eael-advanced-accordion-icon-closed\"><svg aria-hidden=\"true\" class=\"fa-accordion-icon e-font-icon-svg e-fas-plus\" viewBox=\"0 0 448 512\" xmlns=\"http:\/\/www.w3.org\/2000\/svg\"><path d=\"M416 208H272V64c0-17.67-14.33-32-32-32h-32c-17.67 0-32 14.33-32 32v144H32c-17.67 0-32 14.33-32 32v32c0 17.67 14.33 32 32 32h144v144c0 17.67 14.33 32 32 32h32c17.67 0 32-14.33 32-32V304h144c17.67 0 32-14.33 32-32v-32c0-17.67-14.33-32-32-32z\"><\/path><\/svg><\/span><span class=\"eael-advanced-accordion-icon-opened\"><svg aria-hidden=\"true\" class=\"fa-accordion-icon e-font-icon-svg e-fas-minus\" viewBox=\"0 0 448 512\" xmlns=\"http:\/\/www.w3.org\/2000\/svg\"><path d=\"M416 208H32c-17.67 0-32 14.33-32 32v32c0 17.67 14.33 32 32 32h384c17.67 0 32-14.33 32-32v-32c0-17.67-14.33-32-32-32z\"><\/path><\/svg><\/span><span class=\"eael-accordion-tab-title\">Informe de Cumplimiento del Programa Anual de Desarrollo Archiv\u00edstico 2025<\/span><svg aria-hidden=\"true\" class=\"fa-toggle e-font-icon-svg e-fas-angle-right\" viewBox=\"0 0 256 512\" xmlns=\"http:\/\/www.w3.org\/2000\/svg\"><path d=\"M224.3 273l-136 136c-9.4 9.4-24.6 9.4-33.9 0l-22.6-22.6c-9.4-9.4-9.4-24.6 0-33.9l96.4-96.4-96.4-96.4c-9.4-9.4-9.4-24.6 0-33.9L54.3 103c9.4-9.4 24.6-9.4 33.9 0l136 136c9.5 9.4 9.5 24.6.1 34z\"><\/path><\/svg><\/div><div id=\"elementor-tab-content-1263\" class=\"eael-accordion-content clearfix\" data-tab=\"3\" aria-labelledby=\"informe-de-cumplimiento-del-programa-anual-de-desarrollo-archivstico-2025\"><table><tbody><tr><th class=\"cell-num\">No\u00b0<\/th><th>Descripci\u00f3n<\/th><th class=\"cell-descarga\">Descargar<\/th><\/tr><tr><td class=\"cell-num\">1<\/td><td>Informe de Cumplimiento del Programa Anual de Desarrollo Archiv\u00edstico 2025<\/td><td class=\"cell-descarga\"><a href=\"https:\/\/drive.google.com\/file\/d\/16DEm4PgIdtzWbHEiZJu6W11vSwFtokJs\/view?usp=drive_link\">Haz clic aqu\u00ed<\/a><\/td><\/tr><\/tbody><\/table><\/div>\n                <\/div><div class=\"eael-accordion-list\">\n                <div id=\"programa-anual-de-desarrollo-archivstico-2026\" class=\"elementor-tab-title eael-accordion-header\" tabindex=\"0\" data-tab=\"4\" aria-controls=\"elementor-tab-content-1264\"><span class=\"eael-advanced-accordion-icon-closed\"><svg aria-hidden=\"true\" class=\"fa-accordion-icon e-font-icon-svg e-fas-plus\" viewBox=\"0 0 448 512\" xmlns=\"http:\/\/www.w3.org\/2000\/svg\"><path d=\"M416 208H272V64c0-17.67-14.33-32-32-32h-32c-17.67 0-32 14.33-32 32v144H32c-17.67 0-32 14.33-32 32v32c0 17.67 14.33 32 32 32h144v144c0 17.67 14.33 32 32 32h32c17.67 0 32-14.33 32-32V304h144c17.67 0 32-14.33 32-32v-32c0-17.67-14.33-32-32-32z\"><\/path><\/svg><\/span><span class=\"eael-advanced-accordion-icon-opened\"><svg aria-hidden=\"true\" class=\"fa-accordion-icon e-font-icon-svg e-fas-minus\" viewBox=\"0 0 448 512\" xmlns=\"http:\/\/www.w3.org\/2000\/svg\"><path d=\"M416 208H32c-17.67 0-32 14.33-32 32v32c0 17.67 14.33 32 32 32h384c17.67 0 32-14.33 32-32v-32c0-17.67-14.33-32-32-32z\"><\/path><\/svg><\/span><span class=\"eael-accordion-tab-title\">Programa Anual de Desarrollo Archiv\u00edstico 2026<\/span><svg aria-hidden=\"true\" class=\"fa-toggle e-font-icon-svg e-fas-angle-right\" viewBox=\"0 0 256 512\" xmlns=\"http:\/\/www.w3.org\/2000\/svg\"><path d=\"M224.3 273l-136 136c-9.4 9.4-24.6 9.4-33.9 0l-22.6-22.6c-9.4-9.4-9.4-24.6 0-33.9l96.4-96.4-96.4-96.4c-9.4-9.4-9.4-24.6 0-33.9L54.3 103c9.4-9.4 24.6-9.4 33.9 0l136 136c9.5 9.4 9.5 24.6.1 34z\"><\/path><\/svg><\/div><div id=\"elementor-tab-content-1264\" class=\"eael-accordion-content clearfix\" data-tab=\"4\" aria-labelledby=\"programa-anual-de-desarrollo-archivstico-2026\"><table><tbody><tr><th class=\"cell-num\">No\u00b0<\/th><th>Descripci\u00f3n<\/th><th class=\"cell-descarga\">Descargar<\/th><\/tr><tr><td class=\"cell-num\">1<\/td><td>Programa Anual de Desarrollo Archiv\u00edstico 2026<\/td><td class=\"cell-descarga\"><a href=\"https:\/\/drive.google.com\/file\/d\/12aeCWiAz4KlTCMgRwdvcgIyj_yb55_Ei\/view?usp=drive_link\">Haz clic aqu\u00ed<\/a><\/td><\/tr><\/tbody><\/table><\/div>\n                <\/div><\/div>\t\t<\/div>\n\t\t\t\t<\/div>\n\t\t\t\t<div class=\"elementor-element elementor-element-276471a elementor-widget-divider--view-line elementor-widget elementor-widget-divider\" data-id=\"276471a\" data-element_type=\"widget\" data-widget_type=\"divider.default\">\n\t\t\t\t<div class=\"elementor-widget-container\">\n\t\t\t\t\t<div class=\"elementor-divider\">\n\t\t\t<span class=\"elementor-divider-separator\">\n\t\t\t\t\t\t<\/span>\n\t\t<\/div>\n\t\t\t\t<\/div>\n\t\t\t\t<\/div>\n\t\t\t\t\t<\/div>\n\t\t\t\t<\/div>\n\t\t\t\t<\/div>\n\t\t","protected":false},"excerpt":{"rendered":"<p>Archivo de la FPMC Informe de Cumplimiento del Programa Anual de Desarrollo Archiv\u00edstico 2024 No\u00b0 Descripci\u00f3n Descargar 1 Informe de Cumplimiento del Programa Anual de Desarrollo Archiv\u00edstico 2024 Haz clic aqu\u00ed Programa Anual de Desarrollo Archiv\u00edstico 2025 No\u00b0 Descripci\u00f3n Descargar 1 Programa Anual de Desarrollo Archiv\u00edstico 2025 Haz clic aqu\u00ed Informe de Cumplimiento del Programa &#8230; <a title=\"Archivo\" class=\"read-more\" href=\"https:\/\/fpmc.qroo.gob.mx\/index.php\/archivo\/\" aria-label=\"Leer m\u00e1s sobre Archivo\">Leer m\u00e1s<\/a><\/p>\n","protected":false},"author":5,"featured_media":0,"parent":0,"menu_order":0,"comment_status":"closed","ping_status":"closed","template":"","meta":{"footnotes":""},"class_list":["post-36879","page","type-page","status-publish"],"yoast_head":"<!-- This site is optimized with the Yoast SEO plugin v23.6 - https:\/\/yoast.com\/wordpress\/plugins\/seo\/ -->\n<title>Archivo - Fundaci\u00f3n de Parques y Museos de Cozumel<\/title>\n<meta name=\"robots\" content=\"index, follow, max-snippet:-1, max-image-preview:large, max-video-preview:-1\" \/>\n<link rel=\"canonical\" href=\"https:\/\/fpmc.qroo.gob.mx\/index.php\/archivo\/\" \/>\n<meta property=\"og:locale\" content=\"es_MX\" \/>\n<meta property=\"og:type\" content=\"article\" \/>\n<meta property=\"og:title\" content=\"Archivo - Fundaci\u00f3n de Parques y Museos de Cozumel\" \/>\n<meta property=\"og:description\" content=\"Archivo de la FPMC Informe de Cumplimiento del Programa Anual de Desarrollo Archiv\u00edstico 2024 No\u00b0 Descripci\u00f3n Descargar 1 Informe de Cumplimiento del Programa Anual de Desarrollo Archiv\u00edstico 2024 Haz clic aqu\u00ed Programa Anual de Desarrollo Archiv\u00edstico 2025 No\u00b0 Descripci\u00f3n Descargar 1 Programa Anual de Desarrollo Archiv\u00edstico 2025 Haz clic aqu\u00ed Informe de Cumplimiento del Programa ... Leer m\u00e1s\" \/>\n<meta property=\"og:url\" content=\"https:\/\/fpmc.qroo.gob.mx\/index.php\/archivo\/\" \/>\n<meta property=\"og:site_name\" content=\"Fundaci\u00f3n de Parques y Museos de Cozumel\" \/>\n<meta property=\"article:modified_time\" content=\"2026-01-30T19:17:05+00:00\" \/>\n<meta name=\"twitter:card\" content=\"summary_large_image\" \/>\n<meta name=\"twitter:label1\" content=\"Tiempo de lectura\" \/>\n\t<meta name=\"twitter:data1\" content=\"1 minuto\" \/>\n<script type=\"application\/ld+json\" class=\"yoast-schema-graph\">{\"@context\":\"https:\/\/schema.org\",\"@graph\":[{\"@type\":\"WebPage\",\"@id\":\"https:\/\/fpmc.qroo.gob.mx\/index.php\/archivo\/\",\"url\":\"https:\/\/fpmc.qroo.gob.mx\/index.php\/archivo\/\",\"name\":\"Archivo - Fundaci\u00f3n de Parques y Museos de Cozumel\",\"isPartOf\":{\"@id\":\"https:\/\/fpmc.qroo.gob.mx\/#website\"},\"datePublished\":\"2025-02-07T22:08:17+00:00\",\"dateModified\":\"2026-01-30T19:17:05+00:00\",\"breadcrumb\":{\"@id\":\"https:\/\/fpmc.qroo.gob.mx\/index.php\/archivo\/#breadcrumb\"},\"inLanguage\":\"es\",\"potentialAction\":[{\"@type\":\"ReadAction\",\"target\":[\"https:\/\/fpmc.qroo.gob.mx\/index.php\/archivo\/\"]}]},{\"@type\":\"BreadcrumbList\",\"@id\":\"https:\/\/fpmc.qroo.gob.mx\/index.php\/archivo\/#breadcrumb\",\"itemListElement\":[{\"@type\":\"ListItem\",\"position\":1,\"name\":\"Inicio\",\"item\":\"https:\/\/fpmc.qroo.gob.mx\/\"},{\"@type\":\"ListItem\",\"position\":2,\"name\":\"Archivo\"}]},{\"@type\":\"WebSite\",\"@id\":\"https:\/\/fpmc.qroo.gob.mx\/#website\",\"url\":\"https:\/\/fpmc.qroo.gob.mx\/\",\"name\":\"Fundaci\u00f3n de Parques y Museos de Cozumel\",\"description\":\"\",\"publisher\":{\"@id\":\"https:\/\/fpmc.qroo.gob.mx\/#organization\"},\"potentialAction\":[{\"@type\":\"SearchAction\",\"target\":{\"@type\":\"EntryPoint\",\"urlTemplate\":\"https:\/\/fpmc.qroo.gob.mx\/?s={search_term_string}\"},\"query-input\":{\"@type\":\"PropertyValueSpecification\",\"valueRequired\":true,\"valueName\":\"search_term_string\"}}],\"inLanguage\":\"es\"},{\"@type\":\"Organization\",\"@id\":\"https:\/\/fpmc.qroo.gob.mx\/#organization\",\"name\":\"Fundaci\u00f3n de Parques y Museos de Cozumel\",\"url\":\"https:\/\/fpmc.qroo.gob.mx\/\",\"logo\":{\"@type\":\"ImageObject\",\"inLanguage\":\"es\",\"@id\":\"https:\/\/fpmc.qroo.gob.mx\/#\/schema\/logo\/image\/\",\"url\":\"https:\/\/fpmc.qroo.gob.mx\/wp-content\/uploads\/2024\/03\/logo-de-gobierno.png\",\"contentUrl\":\"https:\/\/fpmc.qroo.gob.mx\/wp-content\/uploads\/2024\/03\/logo-de-gobierno.png\",\"width\":1876,\"height\":596,\"caption\":\"Fundaci\u00f3n de Parques y Museos de Cozumel\"},\"image\":{\"@id\":\"https:\/\/fpmc.qroo.gob.mx\/#\/schema\/logo\/image\/\"}}]}<\/script>\n<!-- \/ Yoast SEO plugin. -->","yoast_head_json":{"title":"Archivo - Fundaci\u00f3n de Parques y Museos de Cozumel","robots":{"index":"index","follow":"follow","max-snippet":"max-snippet:-1","max-image-preview":"max-image-preview:large","max-video-preview":"max-video-preview:-1"},"canonical":"https:\/\/fpmc.qroo.gob.mx\/index.php\/archivo\/","og_locale":"es_MX","og_type":"article","og_title":"Archivo - Fundaci\u00f3n de Parques y Museos de Cozumel","og_description":"Archivo de la FPMC Informe de Cumplimiento del Programa Anual de Desarrollo Archiv\u00edstico 2024 No\u00b0 Descripci\u00f3n Descargar 1 Informe de Cumplimiento del Programa Anual de Desarrollo Archiv\u00edstico 2024 Haz clic aqu\u00ed Programa Anual de Desarrollo Archiv\u00edstico 2025 No\u00b0 Descripci\u00f3n Descargar 1 Programa Anual de Desarrollo Archiv\u00edstico 2025 Haz clic aqu\u00ed Informe de Cumplimiento del Programa ... Leer m\u00e1s","og_url":"https:\/\/fpmc.qroo.gob.mx\/index.php\/archivo\/","og_site_name":"Fundaci\u00f3n de Parques y Museos de Cozumel","article_modified_time":"2026-01-30T19:17:05+00:00","twitter_card":"summary_large_image","twitter_misc":{"Tiempo de lectura":"1 minuto"},"schema":{"@context":"https:\/\/schema.org","@graph":[{"@type":"WebPage","@id":"https:\/\/fpmc.qroo.gob.mx\/index.php\/archivo\/","url":"https:\/\/fpmc.qroo.gob.mx\/index.php\/archivo\/","name":"Archivo - Fundaci\u00f3n de Parques y Museos de Cozumel","isPartOf":{"@id":"https:\/\/fpmc.qroo.gob.mx\/#website"},"datePublished":"2025-02-07T22:08:17+00:00","dateModified":"2026-01-30T19:17:05+00:00","breadcrumb":{"@id":"https:\/\/fpmc.qroo.gob.mx\/index.php\/archivo\/#breadcrumb"},"inLanguage":"es","potentialAction":[{"@type":"ReadAction","target":["https:\/\/fpmc.qroo.gob.mx\/index.php\/archivo\/"]}]},{"@type":"BreadcrumbList","@id":"https:\/\/fpmc.qroo.gob.mx\/index.php\/archivo\/#breadcrumb","itemListElement":[{"@type":"ListItem","position":1,"name":"Inicio","item":"https:\/\/fpmc.qroo.gob.mx\/"},{"@type":"ListItem","position":2,"name":"Archivo"}]},{"@type":"WebSite","@id":"https:\/\/fpmc.qroo.gob.mx\/#website","url":"https:\/\/fpmc.qroo.gob.mx\/","name":"Fundaci\u00f3n de Parques y Museos de Cozumel","description":"","publisher":{"@id":"https:\/\/fpmc.qroo.gob.mx\/#organization"},"potentialAction":[{"@type":"SearchAction","target":{"@type":"EntryPoint","urlTemplate":"https:\/\/fpmc.qroo.gob.mx\/?s={search_term_string}"},"query-input":{"@type":"PropertyValueSpecification","valueRequired":true,"valueName":"search_term_string"}}],"inLanguage":"es"},{"@type":"Organization","@id":"https:\/\/fpmc.qroo.gob.mx\/#organization","name":"Fundaci\u00f3n de Parques y Museos de Cozumel","url":"https:\/\/fpmc.qroo.gob.mx\/","logo":{"@type":"ImageObject","inLanguage":"es","@id":"https:\/\/fpmc.qroo.gob.mx\/#\/schema\/logo\/image\/","url":"https:\/\/fpmc.qroo.gob.mx\/wp-content\/uploads\/2024\/03\/logo-de-gobierno.png","contentUrl":"https:\/\/fpmc.qroo.gob.mx\/wp-content\/uploads\/2024\/03\/logo-de-gobierno.png","width":1876,"height":596,"caption":"Fundaci\u00f3n de Parques y Museos de Cozumel"},"image":{"@id":"https:\/\/fpmc.qroo.gob.mx\/#\/schema\/logo\/image\/"}}]}},"_links":{"self":[{"href":"https:\/\/fpmc.qroo.gob.mx\/index.php\/wp-json\/wp\/v2\/pages\/36879"}],"collection":[{"href":"https:\/\/fpmc.qroo.gob.mx\/index.php\/wp-json\/wp\/v2\/pages"}],"about":[{"href":"https:\/\/fpmc.qroo.gob.mx\/index.php\/wp-json\/wp\/v2\/types\/page"}],"author":[{"embeddable":true,"href":"https:\/\/fpmc.qroo.gob.mx\/index.php\/wp-json\/wp\/v2\/users\/5"}],"replies":[{"embeddable":true,"href":"https:\/\/fpmc.qroo.gob.mx\/index.php\/wp-json\/wp\/v2\/comments?post=36879"}],"version-history":[{"count":18,"href":"https:\/\/fpmc.qroo.gob.mx\/index.php\/wp-json\/wp\/v2\/pages\/36879\/revisions"}],"predecessor-version":[{"id":37278,"href":"https:\/\/fpmc.qroo.gob.mx\/index.php\/wp-json\/wp\/v2\/pages\/36879\/revisions\/37278"}],"wp:attachment":[{"href":"https:\/\/fpmc.qroo.gob.mx\/index.php\/wp-json\/wp\/v2\/media?parent=36879"}],"curies":[{"name":"wp","href":"https:\/\/api.w.org\/{rel}","templated":true}]}}