{"id":36934,"date":"2025-03-13T15:11:32","date_gmt":"2025-03-13T20:11:32","guid":{"rendered":"https:\/\/fpmc.qroo.gob.mx\/?page_id=36934"},"modified":"2025-03-14T12:39:09","modified_gmt":"2025-03-14T17:39:09","slug":"mml-08","status":"publish","type":"page","link":"https:\/\/fpmc.qroo.gob.mx\/index.php\/mml-08\/","title":{"rendered":"Metodolog\u00eda de Marco L\u00f3gico"},"content":{"rendered":"\t\t<div data-elementor-type=\"wp-page\" data-elementor-id=\"36934\" class=\"elementor elementor-36934\">\n\t\t\t\t<div class=\"elementor-element elementor-element-a20f7e6 e-flex e-con-boxed e-con e-parent\" data-id=\"a20f7e6\" data-element_type=\"container\">\n\t\t\t\t\t<div class=\"e-con-inner\">\n\t\t\t\t<div class=\"elementor-element elementor-element-c24dd40 elementor-widget elementor-widget-heading\" data-id=\"c24dd40\" data-element_type=\"widget\" data-widget_type=\"heading.default\">\n\t\t\t\t<div class=\"elementor-widget-container\">\n\t\t\t<h2 class=\"elementor-heading-title elementor-size-default\">Metodolog\u00eda del Marco L\u00f3gico<\/h2>\t\t<\/div>\n\t\t\t\t<\/div>\n\t\t\t\t\t<\/div>\n\t\t\t\t<\/div>\n\t\t<div class=\"elementor-element elementor-element-b3d3580 e-flex e-con-boxed e-con e-parent\" data-id=\"b3d3580\" data-element_type=\"container\">\n\t\t\t\t\t<div class=\"e-con-inner\">\n\t\t\t\t<div class=\"elementor-element elementor-element-22052bc elementor-widget-divider--view-line elementor-widget elementor-widget-divider\" data-id=\"22052bc\" data-element_type=\"widget\" data-widget_type=\"divider.default\">\n\t\t\t\t<div class=\"elementor-widget-container\">\n\t\t\t\t\t<div class=\"elementor-divider\">\n\t\t\t<span class=\"elementor-divider-separator\">\n\t\t\t\t\t\t<\/span>\n\t\t<\/div>\n\t\t\t\t<\/div>\n\t\t\t\t<\/div>\n\t\t\t\t\t<\/div>\n\t\t\t\t<\/div>\n\t\t<div class=\"elementor-element elementor-element-b3c9464 e-flex e-con-boxed e-con e-parent\" data-id=\"b3c9464\" data-element_type=\"container\">\n\t\t\t\t\t<div class=\"e-con-inner\">\n\t\t\t\t<div class=\"elementor-element elementor-element-0f32573 elementor-widget elementor-widget-text-editor\" data-id=\"0f32573\" data-element_type=\"widget\" data-widget_type=\"text-editor.default\">\n\t\t\t\t<div class=\"elementor-widget-container\">\n\t\t\t\t\t\t\t<table style=\"height: 46px;\">\n<tbody>\n<tr style=\"height: 23px;\">\n<th class=\"cell-num\" style=\"height: 23px; width: 24.2656px;\">No\u00b0<\/th>\n<th style=\"height: 23px; width: 305.062px;\">Descripci\u00f3n<\/th>\n<th class=\"cell-descarga\" style=\"height: 23px; width: 80.1562px;\">Descargar<\/th>\n<\/tr>\n<tr style=\"height: 23px;\">\n<td class=\"cell-num\" style=\"height: 23px; width: 24.2656px;\">1<\/td>\n<td style=\"height: 23px; width: 305.062px;\">E023 &#8211; Sustentabilidad y Cultura Tur\u00edstica<\/td>\n<td class=\"cell-descarga\" style=\"height: 23px; width: 80.1562px;\"><a href=\"http:\/\/fpmc.qroo.gob.mx\/wp-content\/uploads\/2025\/03\/E023-Sustentabilidad-y-Cultura-Turistica.pdf\">Haz clic aqu\u00ed<\/a><\/td>\n<\/tr>\n<tr>\n<td class=\"cell-num\">2<\/td>\n<td>S016 &#8211; Programa de Otorgamiento de Becas de la Fundaci\u00f3n de Parques y Museos de Quintana Roo<\/td>\n<td class=\"cell-descarga\"><a href=\"http:\/\/fpmc.qroo.gob.mx\/wp-content\/uploads\/2025\/03\/S016-Programa-de-Otorgamiento-de-Becas-de-la-Fundacion-de-Parques-y-Museos-de-Quintana-Roo.pdf\">Haz clic aqu\u00ed<\/a><\/td>\n<\/tr>\n<tr>\n<td class=\"cell-num\">3<\/td>\n<td>S017 &#8211; Otorgamiento de Apoyos Sociales de la Fundaci\u00f3n de Parques y Museos de Quintana Roo<\/td>\n<td class=\"cell-descarga\"><a href=\"http:\/\/fpmc.qroo.gob.mx\/wp-content\/uploads\/2025\/03\/S017-Otorgamiento-de-Apoyos-Sociales-de-la-Fundacion-de-Parques-y-Museos-de-Quintana-Roo.pdf\">Haz clic aqu\u00ed<\/a><\/td>\n<\/tr>\n<tr>\n<td class=\"cell-num\">4<\/td>\n<td>M001 &#8211; Gesti\u00f3n y Apoyo Institucional Transversal<\/td>\n<td class=\"cell-descarga\"><a href=\"http:\/\/fpmc.qroo.gob.mx\/wp-content\/uploads\/2025\/03\/M001-Gestion-y-Apoyo-Institucional-Transversal.pdf\">Haz clic aqu\u00ed<\/a><\/td>\n<\/tr>\n<\/tbody>\n<\/table>\t\t\t\t\t\t<\/div>\n\t\t\t\t<\/div>\n\t\t\t\t<div class=\"elementor-element elementor-element-4f6852e elementor-widget-divider--view-line elementor-widget elementor-widget-divider\" data-id=\"4f6852e\" data-element_type=\"widget\" data-widget_type=\"divider.default\">\n\t\t\t\t<div class=\"elementor-widget-container\">\n\t\t\t\t\t<div class=\"elementor-divider\">\n\t\t\t<span class=\"elementor-divider-separator\">\n\t\t\t\t\t\t<\/span>\n\t\t<\/div>\n\t\t\t\t<\/div>\n\t\t\t\t<\/div>\n\t\t\t\t\t<\/div>\n\t\t\t\t<\/div>\n\t\t\t\t<\/div>\n\t\t","protected":false},"excerpt":{"rendered":"<p>Metodolog\u00eda del Marco L\u00f3gico No\u00b0 Descripci\u00f3n Descargar 1 E023 &#8211; Sustentabilidad y Cultura Tur\u00edstica Haz clic aqu\u00ed 2 S016 &#8211; Programa de Otorgamiento de Becas de la Fundaci\u00f3n de Parques y Museos de Quintana Roo Haz clic aqu\u00ed 3 S017 &#8211; Otorgamiento de Apoyos Sociales de la Fundaci\u00f3n de Parques y Museos de Quintana Roo &#8230; <a title=\"Metodolog\u00eda de Marco L\u00f3gico\" class=\"read-more\" href=\"https:\/\/fpmc.qroo.gob.mx\/index.php\/mml-08\/\" aria-label=\"Leer m\u00e1s sobre Metodolog\u00eda de Marco L\u00f3gico\">Leer m\u00e1s<\/a><\/p>\n","protected":false},"author":5,"featured_media":0,"parent":0,"menu_order":0,"comment_status":"closed","ping_status":"closed","template":"","meta":{"footnotes":""},"class_list":["post-36934","page","type-page","status-publish"],"yoast_head":"<!-- This site is optimized with the Yoast SEO plugin v23.6 - https:\/\/yoast.com\/wordpress\/plugins\/seo\/ -->\n<title>Metodolog\u00eda de Marco L\u00f3gico - Fundaci\u00f3n de Parques y Museos de Cozumel<\/title>\n<meta name=\"robots\" content=\"index, follow, max-snippet:-1, max-image-preview:large, max-video-preview:-1\" \/>\n<link rel=\"canonical\" href=\"https:\/\/fpmc.qroo.gob.mx\/index.php\/mml-08\/\" \/>\n<meta property=\"og:locale\" content=\"es_MX\" \/>\n<meta property=\"og:type\" content=\"article\" \/>\n<meta property=\"og:title\" content=\"Metodolog\u00eda de Marco L\u00f3gico - Fundaci\u00f3n de Parques y Museos de Cozumel\" \/>\n<meta property=\"og:description\" content=\"Metodolog\u00eda del Marco L\u00f3gico No\u00b0 Descripci\u00f3n Descargar 1 E023 &#8211; Sustentabilidad y Cultura Tur\u00edstica Haz clic aqu\u00ed 2 S016 &#8211; Programa de Otorgamiento de Becas de la Fundaci\u00f3n de Parques y Museos de Quintana Roo Haz clic aqu\u00ed 3 S017 &#8211; Otorgamiento de Apoyos Sociales de la Fundaci\u00f3n de Parques y Museos de Quintana Roo ... Leer m\u00e1s\" \/>\n<meta property=\"og:url\" content=\"https:\/\/fpmc.qroo.gob.mx\/index.php\/mml-08\/\" \/>\n<meta property=\"og:site_name\" content=\"Fundaci\u00f3n de Parques y Museos de Cozumel\" \/>\n<meta property=\"article:modified_time\" content=\"2025-03-14T17:39:09+00:00\" \/>\n<meta name=\"twitter:card\" content=\"summary_large_image\" \/>\n<meta name=\"twitter:label1\" content=\"Tiempo de lectura\" \/>\n\t<meta name=\"twitter:data1\" content=\"1 minuto\" \/>\n<script type=\"application\/ld+json\" class=\"yoast-schema-graph\">{\"@context\":\"https:\/\/schema.org\",\"@graph\":[{\"@type\":\"WebPage\",\"@id\":\"https:\/\/fpmc.qroo.gob.mx\/index.php\/mml-08\/\",\"url\":\"https:\/\/fpmc.qroo.gob.mx\/index.php\/mml-08\/\",\"name\":\"Metodolog\u00eda de Marco L\u00f3gico - Fundaci\u00f3n de Parques y Museos de Cozumel\",\"isPartOf\":{\"@id\":\"https:\/\/fpmc.qroo.gob.mx\/#website\"},\"datePublished\":\"2025-03-13T20:11:32+00:00\",\"dateModified\":\"2025-03-14T17:39:09+00:00\",\"breadcrumb\":{\"@id\":\"https:\/\/fpmc.qroo.gob.mx\/index.php\/mml-08\/#breadcrumb\"},\"inLanguage\":\"es\",\"potentialAction\":[{\"@type\":\"ReadAction\",\"target\":[\"https:\/\/fpmc.qroo.gob.mx\/index.php\/mml-08\/\"]}]},{\"@type\":\"BreadcrumbList\",\"@id\":\"https:\/\/fpmc.qroo.gob.mx\/index.php\/mml-08\/#breadcrumb\",\"itemListElement\":[{\"@type\":\"ListItem\",\"position\":1,\"name\":\"Inicio\",\"item\":\"https:\/\/fpmc.qroo.gob.mx\/\"},{\"@type\":\"ListItem\",\"position\":2,\"name\":\"Metodolog\u00eda de Marco L\u00f3gico\"}]},{\"@type\":\"WebSite\",\"@id\":\"https:\/\/fpmc.qroo.gob.mx\/#website\",\"url\":\"https:\/\/fpmc.qroo.gob.mx\/\",\"name\":\"Fundaci\u00f3n de Parques y Museos de Cozumel\",\"description\":\"\",\"publisher\":{\"@id\":\"https:\/\/fpmc.qroo.gob.mx\/#organization\"},\"potentialAction\":[{\"@type\":\"SearchAction\",\"target\":{\"@type\":\"EntryPoint\",\"urlTemplate\":\"https:\/\/fpmc.qroo.gob.mx\/?s={search_term_string}\"},\"query-input\":{\"@type\":\"PropertyValueSpecification\",\"valueRequired\":true,\"valueName\":\"search_term_string\"}}],\"inLanguage\":\"es\"},{\"@type\":\"Organization\",\"@id\":\"https:\/\/fpmc.qroo.gob.mx\/#organization\",\"name\":\"Fundaci\u00f3n de Parques y Museos de Cozumel\",\"url\":\"https:\/\/fpmc.qroo.gob.mx\/\",\"logo\":{\"@type\":\"ImageObject\",\"inLanguage\":\"es\",\"@id\":\"https:\/\/fpmc.qroo.gob.mx\/#\/schema\/logo\/image\/\",\"url\":\"https:\/\/fpmc.qroo.gob.mx\/wp-content\/uploads\/2024\/03\/logo-de-gobierno.png\",\"contentUrl\":\"https:\/\/fpmc.qroo.gob.mx\/wp-content\/uploads\/2024\/03\/logo-de-gobierno.png\",\"width\":1876,\"height\":596,\"caption\":\"Fundaci\u00f3n de Parques y Museos de Cozumel\"},\"image\":{\"@id\":\"https:\/\/fpmc.qroo.gob.mx\/#\/schema\/logo\/image\/\"}}]}<\/script>\n<!-- \/ Yoast SEO plugin. -->","yoast_head_json":{"title":"Metodolog\u00eda de Marco L\u00f3gico - Fundaci\u00f3n de Parques y Museos de Cozumel","robots":{"index":"index","follow":"follow","max-snippet":"max-snippet:-1","max-image-preview":"max-image-preview:large","max-video-preview":"max-video-preview:-1"},"canonical":"https:\/\/fpmc.qroo.gob.mx\/index.php\/mml-08\/","og_locale":"es_MX","og_type":"article","og_title":"Metodolog\u00eda de Marco L\u00f3gico - Fundaci\u00f3n de Parques y Museos de Cozumel","og_description":"Metodolog\u00eda del Marco L\u00f3gico No\u00b0 Descripci\u00f3n Descargar 1 E023 &#8211; Sustentabilidad y Cultura Tur\u00edstica Haz clic aqu\u00ed 2 S016 &#8211; Programa de Otorgamiento de Becas de la Fundaci\u00f3n de Parques y Museos de Quintana Roo Haz clic aqu\u00ed 3 S017 &#8211; Otorgamiento de Apoyos Sociales de la Fundaci\u00f3n de Parques y Museos de Quintana Roo ... Leer m\u00e1s","og_url":"https:\/\/fpmc.qroo.gob.mx\/index.php\/mml-08\/","og_site_name":"Fundaci\u00f3n de Parques y Museos de Cozumel","article_modified_time":"2025-03-14T17:39:09+00:00","twitter_card":"summary_large_image","twitter_misc":{"Tiempo de lectura":"1 minuto"},"schema":{"@context":"https:\/\/schema.org","@graph":[{"@type":"WebPage","@id":"https:\/\/fpmc.qroo.gob.mx\/index.php\/mml-08\/","url":"https:\/\/fpmc.qroo.gob.mx\/index.php\/mml-08\/","name":"Metodolog\u00eda de Marco L\u00f3gico - Fundaci\u00f3n de Parques y Museos de Cozumel","isPartOf":{"@id":"https:\/\/fpmc.qroo.gob.mx\/#website"},"datePublished":"2025-03-13T20:11:32+00:00","dateModified":"2025-03-14T17:39:09+00:00","breadcrumb":{"@id":"https:\/\/fpmc.qroo.gob.mx\/index.php\/mml-08\/#breadcrumb"},"inLanguage":"es","potentialAction":[{"@type":"ReadAction","target":["https:\/\/fpmc.qroo.gob.mx\/index.php\/mml-08\/"]}]},{"@type":"BreadcrumbList","@id":"https:\/\/fpmc.qroo.gob.mx\/index.php\/mml-08\/#breadcrumb","itemListElement":[{"@type":"ListItem","position":1,"name":"Inicio","item":"https:\/\/fpmc.qroo.gob.mx\/"},{"@type":"ListItem","position":2,"name":"Metodolog\u00eda de Marco L\u00f3gico"}]},{"@type":"WebSite","@id":"https:\/\/fpmc.qroo.gob.mx\/#website","url":"https:\/\/fpmc.qroo.gob.mx\/","name":"Fundaci\u00f3n de Parques y Museos de Cozumel","description":"","publisher":{"@id":"https:\/\/fpmc.qroo.gob.mx\/#organization"},"potentialAction":[{"@type":"SearchAction","target":{"@type":"EntryPoint","urlTemplate":"https:\/\/fpmc.qroo.gob.mx\/?s={search_term_string}"},"query-input":{"@type":"PropertyValueSpecification","valueRequired":true,"valueName":"search_term_string"}}],"inLanguage":"es"},{"@type":"Organization","@id":"https:\/\/fpmc.qroo.gob.mx\/#organization","name":"Fundaci\u00f3n de Parques y Museos de Cozumel","url":"https:\/\/fpmc.qroo.gob.mx\/","logo":{"@type":"ImageObject","inLanguage":"es","@id":"https:\/\/fpmc.qroo.gob.mx\/#\/schema\/logo\/image\/","url":"https:\/\/fpmc.qroo.gob.mx\/wp-content\/uploads\/2024\/03\/logo-de-gobierno.png","contentUrl":"https:\/\/fpmc.qroo.gob.mx\/wp-content\/uploads\/2024\/03\/logo-de-gobierno.png","width":1876,"height":596,"caption":"Fundaci\u00f3n de Parques y Museos de Cozumel"},"image":{"@id":"https:\/\/fpmc.qroo.gob.mx\/#\/schema\/logo\/image\/"}}]}},"_links":{"self":[{"href":"https:\/\/fpmc.qroo.gob.mx\/index.php\/wp-json\/wp\/v2\/pages\/36934"}],"collection":[{"href":"https:\/\/fpmc.qroo.gob.mx\/index.php\/wp-json\/wp\/v2\/pages"}],"about":[{"href":"https:\/\/fpmc.qroo.gob.mx\/index.php\/wp-json\/wp\/v2\/types\/page"}],"author":[{"embeddable":true,"href":"https:\/\/fpmc.qroo.gob.mx\/index.php\/wp-json\/wp\/v2\/users\/5"}],"replies":[{"embeddable":true,"href":"https:\/\/fpmc.qroo.gob.mx\/index.php\/wp-json\/wp\/v2\/comments?post=36934"}],"version-history":[{"count":11,"href":"https:\/\/fpmc.qroo.gob.mx\/index.php\/wp-json\/wp\/v2\/pages\/36934\/revisions"}],"predecessor-version":[{"id":36950,"href":"https:\/\/fpmc.qroo.gob.mx\/index.php\/wp-json\/wp\/v2\/pages\/36934\/revisions\/36950"}],"wp:attachment":[{"href":"https:\/\/fpmc.qroo.gob.mx\/index.php\/wp-json\/wp\/v2\/media?parent=36934"}],"curies":[{"name":"wp","href":"https:\/\/api.w.org\/{rel}","templated":true}]}}