{"id":37370,"date":"2026-04-13T14:54:59","date_gmt":"2026-04-13T19:54:59","guid":{"rendered":"https:\/\/fpmc.qroo.gob.mx\/?page_id=37370"},"modified":"2026-04-17T15:55:38","modified_gmt":"2026-04-17T20:55:38","slug":"tabla-de-aplicabilidad-validada","status":"publish","type":"page","link":"https:\/\/fpmc.qroo.gob.mx\/index.php\/tabla-de-aplicabilidad-validada\/","title":{"rendered":"Tabla de Aplicabilidad Validada"},"content":{"rendered":"\t\t<div data-elementor-type=\"wp-page\" data-elementor-id=\"37370\" class=\"elementor elementor-37370\">\n\t\t\t\t<div class=\"elementor-element elementor-element-84f174e e-flex e-con-boxed e-con e-parent\" data-id=\"84f174e\" data-element_type=\"container\">\n\t\t\t\t\t<div class=\"e-con-inner\">\n\t\t\t\t<div class=\"elementor-element elementor-element-048d0b4 elementor-widget elementor-widget-heading\" data-id=\"048d0b4\" data-element_type=\"widget\" data-widget_type=\"heading.default\">\n\t\t\t\t<div class=\"elementor-widget-container\">\n\t\t\t<h2 class=\"elementor-heading-title elementor-size-default\">Tabla de Aplicabilidad Validada<\/h2>\t\t<\/div>\n\t\t\t\t<\/div>\n\t\t\t\t<div class=\"elementor-element elementor-element-2bc0e0b elementor-widget-divider--view-line elementor-widget elementor-widget-divider\" data-id=\"2bc0e0b\" data-element_type=\"widget\" data-widget_type=\"divider.default\">\n\t\t\t\t<div class=\"elementor-widget-container\">\n\t\t\t\t\t<div class=\"elementor-divider\">\n\t\t\t<span class=\"elementor-divider-separator\">\n\t\t\t\t\t\t<\/span>\n\t\t<\/div>\n\t\t\t\t<\/div>\n\t\t\t\t<\/div>\n\t\t\t\t\t<\/div>\n\t\t\t\t<\/div>\n\t\t<div class=\"elementor-element elementor-element-4a34198 e-flex e-con-boxed e-con e-parent\" data-id=\"4a34198\" data-element_type=\"container\">\n\t\t\t\t\t<div class=\"e-con-inner\">\n\t\t\t\t<div class=\"elementor-element elementor-element-daac689 elementor-widget elementor-widget-eael-adv-accordion\" data-id=\"daac689\" data-element_type=\"widget\" data-widget_type=\"eael-adv-accordion.default\">\n\t\t\t\t<div class=\"elementor-widget-container\">\n\t\t\t        <div class=\"eael-adv-accordion\" id=\"eael-adv-accordion-daac689\" data-scroll-on-click=\"no\" data-scroll-speed=\"300\" data-accordion-id=\"daac689\" data-accordion-type=\"accordion\" data-toogle-speed=\"300\">\n    <div class=\"eael-accordion-list\">\n                <div id=\"tabla-de-aplicabilidad-validada\" class=\"elementor-tab-title eael-accordion-header\" tabindex=\"0\" data-tab=\"1\" aria-controls=\"elementor-tab-content-2291\"><span class=\"eael-advanced-accordion-icon-closed\"><svg aria-hidden=\"true\" class=\"fa-accordion-icon e-font-icon-svg e-fas-plus\" viewBox=\"0 0 448 512\" xmlns=\"http:\/\/www.w3.org\/2000\/svg\"><path d=\"M416 208H272V64c0-17.67-14.33-32-32-32h-32c-17.67 0-32 14.33-32 32v144H32c-17.67 0-32 14.33-32 32v32c0 17.67 14.33 32 32 32h144v144c0 17.67 14.33 32 32 32h32c17.67 0 32-14.33 32-32V304h144c17.67 0 32-14.33 32-32v-32c0-17.67-14.33-32-32-32z\"><\/path><\/svg><\/span><span class=\"eael-advanced-accordion-icon-opened\"><svg aria-hidden=\"true\" class=\"fa-accordion-icon e-font-icon-svg e-fas-minus\" viewBox=\"0 0 448 512\" xmlns=\"http:\/\/www.w3.org\/2000\/svg\"><path d=\"M416 208H32c-17.67 0-32 14.33-32 32v32c0 17.67 14.33 32 32 32h384c17.67 0 32-14.33 32-32v-32c0-17.67-14.33-32-32-32z\"><\/path><\/svg><\/span><span class=\"eael-accordion-tab-title\">Tabla de Aplicabilidad Validada<\/span><svg aria-hidden=\"true\" class=\"fa-toggle e-font-icon-svg e-fas-angle-right\" viewBox=\"0 0 256 512\" xmlns=\"http:\/\/www.w3.org\/2000\/svg\"><path d=\"M224.3 273l-136 136c-9.4 9.4-24.6 9.4-33.9 0l-22.6-22.6c-9.4-9.4-9.4-24.6 0-33.9l96.4-96.4-96.4-96.4c-9.4-9.4-9.4-24.6 0-33.9L54.3 103c9.4-9.4 24.6-9.4 33.9 0l136 136c9.5 9.4 9.5 24.6.1 34z\"><\/path><\/svg><\/div><div id=\"elementor-tab-content-2291\" class=\"eael-accordion-content clearfix\" data-tab=\"1\" aria-labelledby=\"tabla-de-aplicabilidad-validada\"><table><tbody><tr><th class=\"cell-num\">No\u00b0<\/th><th>Descripci\u00f3n<\/th><th class=\"cell-descarga\">Descargar<\/th><\/tr><tr><td class=\"cell-num\">1<\/td><td><h5 class=\"et_pb_toggle_title\">Tabla de Aplicabilidad Validada 2025<\/h5><\/td><td class=\"cell-descarga\"><a href=\"https:\/\/drive.google.com\/file\/d\/1b8VxNHN9B886pTb5R9VNWAgsI2Mo4af0\/view?usp=sharing\">Haz clic aqu\u00ed<\/a><\/td><\/tr><tr><td class=\"cell-num\">2<\/td><td><h5 class=\"et_pb_toggle_title\">Tabla de actualizaci\u00f3n y conservaci\u00f3n de la informaci\u00f3n 2025<\/h5><\/td><td class=\"cell-descarga\"><a href=\"https:\/\/drive.google.com\/file\/d\/1ZzOSrE2d6rw21PqX3M97hhQXTQZsiwh7\/view?usp=drive_link\">Haz clic aqu\u00ed<\/a><\/td><\/tr><tr><td class=\"cell-num\">3<\/td><td><h5 class=\"et_pb_toggle_title\">Tabla de Aplicabilidad Validada 2026<\/h5><\/td><td class=\"cell-descarga\"><a href=\"https:\/\/drive.google.com\/file\/d\/1j7Txv-C1NZlevYq_P7ctqelc4N13GH28\/view?usp=drive_link\">Haz clic aqu\u00ed<\/a><\/td><\/tr><\/tbody><\/table><\/div>\n                <\/div><\/div>\t\t<\/div>\n\t\t\t\t<\/div>\n\t\t\t\t\t<\/div>\n\t\t\t\t<\/div>\n\t\t<div class=\"elementor-element elementor-element-9f95675 e-flex e-con-boxed e-con e-parent\" data-id=\"9f95675\" data-element_type=\"container\">\n\t\t\t\t\t<div class=\"e-con-inner\">\n\t\t\t\t<div class=\"elementor-element elementor-element-3c908c2 elementor-widget-divider--view-line elementor-widget elementor-widget-divider\" data-id=\"3c908c2\" data-element_type=\"widget\" data-widget_type=\"divider.default\">\n\t\t\t\t<div class=\"elementor-widget-container\">\n\t\t\t\t\t<div class=\"elementor-divider\">\n\t\t\t<span class=\"elementor-divider-separator\">\n\t\t\t\t\t\t<\/span>\n\t\t<\/div>\n\t\t\t\t<\/div>\n\t\t\t\t<\/div>\n\t\t\t\t\t<\/div>\n\t\t\t\t<\/div>\n\t\t\t\t<\/div>\n\t\t","protected":false},"excerpt":{"rendered":"<p>Tabla de Aplicabilidad Validada Tabla de Aplicabilidad Validada No\u00b0 Descripci\u00f3n Descargar 1 Tabla de Aplicabilidad Validada 2025 Haz clic aqu\u00ed 2 Tabla de actualizaci\u00f3n y conservaci\u00f3n de la informaci\u00f3n 2025 Haz clic aqu\u00ed 3 Tabla de Aplicabilidad Validada 2026 Haz clic aqu\u00ed<\/p>\n","protected":false},"author":5,"featured_media":0,"parent":0,"menu_order":0,"comment_status":"closed","ping_status":"closed","template":"","meta":{"footnotes":""},"class_list":["post-37370","page","type-page","status-publish"],"yoast_head":"<!-- This site is optimized with the Yoast SEO plugin v23.6 - https:\/\/yoast.com\/wordpress\/plugins\/seo\/ -->\n<title>Tabla de Aplicabilidad Validada - Fundaci\u00f3n de Parques y Museos de Cozumel<\/title>\n<meta name=\"robots\" content=\"index, follow, max-snippet:-1, max-image-preview:large, max-video-preview:-1\" \/>\n<link rel=\"canonical\" href=\"https:\/\/fpmc.qroo.gob.mx\/index.php\/tabla-de-aplicabilidad-validada\/\" \/>\n<meta property=\"og:locale\" content=\"es_MX\" \/>\n<meta property=\"og:type\" content=\"article\" \/>\n<meta property=\"og:title\" content=\"Tabla de Aplicabilidad Validada - Fundaci\u00f3n de Parques y Museos de Cozumel\" \/>\n<meta property=\"og:description\" content=\"Tabla de Aplicabilidad Validada Tabla de Aplicabilidad Validada No\u00b0 Descripci\u00f3n Descargar 1 Tabla de Aplicabilidad Validada 2025 Haz clic aqu\u00ed 2 Tabla de actualizaci\u00f3n y conservaci\u00f3n de la informaci\u00f3n 2025 Haz clic aqu\u00ed 3 Tabla de Aplicabilidad Validada 2026 Haz clic aqu\u00ed\" \/>\n<meta property=\"og:url\" content=\"https:\/\/fpmc.qroo.gob.mx\/index.php\/tabla-de-aplicabilidad-validada\/\" \/>\n<meta property=\"og:site_name\" content=\"Fundaci\u00f3n de Parques y Museos de Cozumel\" \/>\n<meta property=\"article:modified_time\" content=\"2026-04-17T20:55:38+00:00\" \/>\n<meta name=\"twitter:card\" content=\"summary_large_image\" \/>\n<meta name=\"twitter:label1\" content=\"Tiempo de lectura\" \/>\n\t<meta name=\"twitter:data1\" content=\"1 minuto\" \/>\n<script type=\"application\/ld+json\" class=\"yoast-schema-graph\">{\"@context\":\"https:\/\/schema.org\",\"@graph\":[{\"@type\":\"WebPage\",\"@id\":\"https:\/\/fpmc.qroo.gob.mx\/index.php\/tabla-de-aplicabilidad-validada\/\",\"url\":\"https:\/\/fpmc.qroo.gob.mx\/index.php\/tabla-de-aplicabilidad-validada\/\",\"name\":\"Tabla de Aplicabilidad Validada - Fundaci\u00f3n de Parques y Museos de Cozumel\",\"isPartOf\":{\"@id\":\"https:\/\/fpmc.qroo.gob.mx\/#website\"},\"datePublished\":\"2026-04-13T19:54:59+00:00\",\"dateModified\":\"2026-04-17T20:55:38+00:00\",\"breadcrumb\":{\"@id\":\"https:\/\/fpmc.qroo.gob.mx\/index.php\/tabla-de-aplicabilidad-validada\/#breadcrumb\"},\"inLanguage\":\"es\",\"potentialAction\":[{\"@type\":\"ReadAction\",\"target\":[\"https:\/\/fpmc.qroo.gob.mx\/index.php\/tabla-de-aplicabilidad-validada\/\"]}]},{\"@type\":\"BreadcrumbList\",\"@id\":\"https:\/\/fpmc.qroo.gob.mx\/index.php\/tabla-de-aplicabilidad-validada\/#breadcrumb\",\"itemListElement\":[{\"@type\":\"ListItem\",\"position\":1,\"name\":\"Inicio\",\"item\":\"https:\/\/fpmc.qroo.gob.mx\/\"},{\"@type\":\"ListItem\",\"position\":2,\"name\":\"Tabla de Aplicabilidad Validada\"}]},{\"@type\":\"WebSite\",\"@id\":\"https:\/\/fpmc.qroo.gob.mx\/#website\",\"url\":\"https:\/\/fpmc.qroo.gob.mx\/\",\"name\":\"Fundaci\u00f3n de Parques y Museos de Cozumel\",\"description\":\"\",\"publisher\":{\"@id\":\"https:\/\/fpmc.qroo.gob.mx\/#organization\"},\"potentialAction\":[{\"@type\":\"SearchAction\",\"target\":{\"@type\":\"EntryPoint\",\"urlTemplate\":\"https:\/\/fpmc.qroo.gob.mx\/?s={search_term_string}\"},\"query-input\":{\"@type\":\"PropertyValueSpecification\",\"valueRequired\":true,\"valueName\":\"search_term_string\"}}],\"inLanguage\":\"es\"},{\"@type\":\"Organization\",\"@id\":\"https:\/\/fpmc.qroo.gob.mx\/#organization\",\"name\":\"Fundaci\u00f3n de Parques y Museos de Cozumel\",\"url\":\"https:\/\/fpmc.qroo.gob.mx\/\",\"logo\":{\"@type\":\"ImageObject\",\"inLanguage\":\"es\",\"@id\":\"https:\/\/fpmc.qroo.gob.mx\/#\/schema\/logo\/image\/\",\"url\":\"https:\/\/fpmc.qroo.gob.mx\/wp-content\/uploads\/2024\/03\/logo-de-gobierno.png\",\"contentUrl\":\"https:\/\/fpmc.qroo.gob.mx\/wp-content\/uploads\/2024\/03\/logo-de-gobierno.png\",\"width\":1876,\"height\":596,\"caption\":\"Fundaci\u00f3n de Parques y Museos de Cozumel\"},\"image\":{\"@id\":\"https:\/\/fpmc.qroo.gob.mx\/#\/schema\/logo\/image\/\"}}]}<\/script>\n<!-- \/ Yoast SEO plugin. -->","yoast_head_json":{"title":"Tabla de Aplicabilidad Validada - Fundaci\u00f3n de Parques y Museos de Cozumel","robots":{"index":"index","follow":"follow","max-snippet":"max-snippet:-1","max-image-preview":"max-image-preview:large","max-video-preview":"max-video-preview:-1"},"canonical":"https:\/\/fpmc.qroo.gob.mx\/index.php\/tabla-de-aplicabilidad-validada\/","og_locale":"es_MX","og_type":"article","og_title":"Tabla de Aplicabilidad Validada - Fundaci\u00f3n de Parques y Museos de Cozumel","og_description":"Tabla de Aplicabilidad Validada Tabla de Aplicabilidad Validada No\u00b0 Descripci\u00f3n Descargar 1 Tabla de Aplicabilidad Validada 2025 Haz clic aqu\u00ed 2 Tabla de actualizaci\u00f3n y conservaci\u00f3n de la informaci\u00f3n 2025 Haz clic aqu\u00ed 3 Tabla de Aplicabilidad Validada 2026 Haz clic aqu\u00ed","og_url":"https:\/\/fpmc.qroo.gob.mx\/index.php\/tabla-de-aplicabilidad-validada\/","og_site_name":"Fundaci\u00f3n de Parques y Museos de Cozumel","article_modified_time":"2026-04-17T20:55:38+00:00","twitter_card":"summary_large_image","twitter_misc":{"Tiempo de lectura":"1 minuto"},"schema":{"@context":"https:\/\/schema.org","@graph":[{"@type":"WebPage","@id":"https:\/\/fpmc.qroo.gob.mx\/index.php\/tabla-de-aplicabilidad-validada\/","url":"https:\/\/fpmc.qroo.gob.mx\/index.php\/tabla-de-aplicabilidad-validada\/","name":"Tabla de Aplicabilidad Validada - Fundaci\u00f3n de Parques y Museos de Cozumel","isPartOf":{"@id":"https:\/\/fpmc.qroo.gob.mx\/#website"},"datePublished":"2026-04-13T19:54:59+00:00","dateModified":"2026-04-17T20:55:38+00:00","breadcrumb":{"@id":"https:\/\/fpmc.qroo.gob.mx\/index.php\/tabla-de-aplicabilidad-validada\/#breadcrumb"},"inLanguage":"es","potentialAction":[{"@type":"ReadAction","target":["https:\/\/fpmc.qroo.gob.mx\/index.php\/tabla-de-aplicabilidad-validada\/"]}]},{"@type":"BreadcrumbList","@id":"https:\/\/fpmc.qroo.gob.mx\/index.php\/tabla-de-aplicabilidad-validada\/#breadcrumb","itemListElement":[{"@type":"ListItem","position":1,"name":"Inicio","item":"https:\/\/fpmc.qroo.gob.mx\/"},{"@type":"ListItem","position":2,"name":"Tabla de Aplicabilidad Validada"}]},{"@type":"WebSite","@id":"https:\/\/fpmc.qroo.gob.mx\/#website","url":"https:\/\/fpmc.qroo.gob.mx\/","name":"Fundaci\u00f3n de Parques y Museos de Cozumel","description":"","publisher":{"@id":"https:\/\/fpmc.qroo.gob.mx\/#organization"},"potentialAction":[{"@type":"SearchAction","target":{"@type":"EntryPoint","urlTemplate":"https:\/\/fpmc.qroo.gob.mx\/?s={search_term_string}"},"query-input":{"@type":"PropertyValueSpecification","valueRequired":true,"valueName":"search_term_string"}}],"inLanguage":"es"},{"@type":"Organization","@id":"https:\/\/fpmc.qroo.gob.mx\/#organization","name":"Fundaci\u00f3n de Parques y Museos de Cozumel","url":"https:\/\/fpmc.qroo.gob.mx\/","logo":{"@type":"ImageObject","inLanguage":"es","@id":"https:\/\/fpmc.qroo.gob.mx\/#\/schema\/logo\/image\/","url":"https:\/\/fpmc.qroo.gob.mx\/wp-content\/uploads\/2024\/03\/logo-de-gobierno.png","contentUrl":"https:\/\/fpmc.qroo.gob.mx\/wp-content\/uploads\/2024\/03\/logo-de-gobierno.png","width":1876,"height":596,"caption":"Fundaci\u00f3n de Parques y Museos de Cozumel"},"image":{"@id":"https:\/\/fpmc.qroo.gob.mx\/#\/schema\/logo\/image\/"}}]}},"_links":{"self":[{"href":"https:\/\/fpmc.qroo.gob.mx\/index.php\/wp-json\/wp\/v2\/pages\/37370"}],"collection":[{"href":"https:\/\/fpmc.qroo.gob.mx\/index.php\/wp-json\/wp\/v2\/pages"}],"about":[{"href":"https:\/\/fpmc.qroo.gob.mx\/index.php\/wp-json\/wp\/v2\/types\/page"}],"author":[{"embeddable":true,"href":"https:\/\/fpmc.qroo.gob.mx\/index.php\/wp-json\/wp\/v2\/users\/5"}],"replies":[{"embeddable":true,"href":"https:\/\/fpmc.qroo.gob.mx\/index.php\/wp-json\/wp\/v2\/comments?post=37370"}],"version-history":[{"count":11,"href":"https:\/\/fpmc.qroo.gob.mx\/index.php\/wp-json\/wp\/v2\/pages\/37370\/revisions"}],"predecessor-version":[{"id":37408,"href":"https:\/\/fpmc.qroo.gob.mx\/index.php\/wp-json\/wp\/v2\/pages\/37370\/revisions\/37408"}],"wp:attachment":[{"href":"https:\/\/fpmc.qroo.gob.mx\/index.php\/wp-json\/wp\/v2\/media?parent=37370"}],"curies":[{"name":"wp","href":"https:\/\/api.w.org\/{rel}","templated":true}]}}