{"id":37446,"date":"2026-04-20T13:04:39","date_gmt":"2026-04-20T18:04:39","guid":{"rendered":"https:\/\/fpmc.qroo.gob.mx\/?page_id=37446"},"modified":"2026-04-20T13:12:01","modified_gmt":"2026-04-20T18:12:01","slug":"obligaciones-de-transparencia","status":"publish","type":"page","link":"https:\/\/fpmc.qroo.gob.mx\/index.php\/obligaciones-de-transparencia\/","title":{"rendered":"Obligaciones de Transparencia"},"content":{"rendered":"\t\t<div data-elementor-type=\"wp-page\" data-elementor-id=\"37446\" class=\"elementor elementor-37446\">\n\t\t\t\t<div class=\"elementor-element elementor-element-396abfd e-flex e-con-boxed e-con e-parent\" data-id=\"396abfd\" data-element_type=\"container\">\n\t\t\t\t\t<div class=\"e-con-inner\">\n\t\t\t\t<div class=\"elementor-element elementor-element-41a0e94 elementor-widget elementor-widget-heading\" data-id=\"41a0e94\" data-element_type=\"widget\" data-widget_type=\"heading.default\">\n\t\t\t\t<div class=\"elementor-widget-container\">\n\t\t\t<h2 class=\"elementor-heading-title elementor-size-default\">Obligaciones de Transparencia<\/h2>\t\t<\/div>\n\t\t\t\t<\/div>\n\t\t\t\t\t<\/div>\n\t\t\t\t<\/div>\n\t\t<div class=\"elementor-element elementor-element-7be2d9d e-flex e-con-boxed e-con e-parent\" data-id=\"7be2d9d\" data-element_type=\"container\">\n\t\t\t\t\t<div class=\"e-con-inner\">\n\t\t\t\t<div class=\"elementor-element elementor-element-c60e8de elementor-widget-divider--view-line elementor-widget elementor-widget-divider\" data-id=\"c60e8de\" data-element_type=\"widget\" data-widget_type=\"divider.default\">\n\t\t\t\t<div class=\"elementor-widget-container\">\n\t\t\t\t\t<div class=\"elementor-divider\">\n\t\t\t<span class=\"elementor-divider-separator\">\n\t\t\t\t\t\t<\/span>\n\t\t<\/div>\n\t\t\t\t<\/div>\n\t\t\t\t<\/div>\n\t\t\t\t\t<\/div>\n\t\t\t\t<\/div>\n\t\t<div class=\"elementor-element elementor-element-c2c7bef e-flex e-con-boxed e-con e-parent\" data-id=\"c2c7bef\" data-element_type=\"container\">\n\t\t\t\t\t<div class=\"e-con-inner\">\n\t\t<div class=\"elementor-element elementor-element-45f42e0 e-con-full e-flex e-con e-child\" data-id=\"45f42e0\" data-element_type=\"container\" data-settings=\"{&quot;background_background&quot;:&quot;classic&quot;}\">\n\t\t<div class=\"elementor-element elementor-element-b906a9d e-con-full e-flex e-con e-child\" data-id=\"b906a9d\" data-element_type=\"container\">\n\t\t\t\t<div class=\"elementor-element elementor-element-4962516 elementor-widget elementor-widget-heading\" data-id=\"4962516\" data-element_type=\"widget\" data-widget_type=\"heading.default\">\n\t\t\t\t<div class=\"elementor-widget-container\">\n\t\t\t<h2 class=\"elementor-heading-title elementor-size-default\">Art\u00edculos<\/h2>\t\t<\/div>\n\t\t\t\t<\/div>\n\t\t\t\t<\/div>\n\t\t<div class=\"elementor-element elementor-element-70e270c e-grid e-con-full e-con e-child\" data-id=\"70e270c\" data-element_type=\"container\" data-settings=\"{&quot;background_background&quot;:&quot;classic&quot;}\">\n\t\t\t\t<div class=\"elementor-element elementor-element-53dafb8 elementor-view-default elementor-position-top elementor-mobile-position-top elementor-widget elementor-widget-icon-box\" data-id=\"53dafb8\" data-element_type=\"widget\" data-widget_type=\"icon-box.default\">\n\t\t\t\t<div class=\"elementor-widget-container\">\n\t\t\t\t\t<div class=\"elementor-icon-box-wrapper\">\n\n\t\t\t\t\t\t<div class=\"elementor-icon-box-icon\">\n\t\t\t\t<a href=\"https:\/\/fpmc.qroo.gob.mx\/index.php\/articulo-91\/\" class=\"elementor-icon elementor-animation-\" tabindex=\"-1\">\n\t\t\t\t<i aria-hidden=\"true\" class=\"icon icon-open-book\"><\/i>\t\t\t\t<\/a>\n\t\t\t<\/div>\n\t\t\t\n\t\t\t\t\t\t<div class=\"elementor-icon-box-content\">\n\n\t\t\t\t\t\t\t\t\t<h3 class=\"elementor-icon-box-title\">\n\t\t\t\t\t\t<a href=\"https:\/\/fpmc.qroo.gob.mx\/index.php\/articulo-91\/\" >\n\t\t\t\t\t\t\tArt\u00edculo 91\t\t\t\t\t\t<\/a>\n\t\t\t\t\t<\/h3>\n\t\t\t\t\n\t\t\t\t\n\t\t\t<\/div>\n\t\t\t\n\t\t<\/div>\n\t\t\t\t<\/div>\n\t\t\t\t<\/div>\n\t\t\t\t<\/div>\n\t\t<div class=\"elementor-element elementor-element-4e9ff09 e-grid e-con-full e-con e-child\" data-id=\"4e9ff09\" data-element_type=\"container\" data-settings=\"{&quot;background_background&quot;:&quot;classic&quot;}\">\n\t\t\t\t<div class=\"elementor-element elementor-element-74fae28 elementor-view-default elementor-position-top elementor-mobile-position-top elementor-widget elementor-widget-icon-box\" data-id=\"74fae28\" data-element_type=\"widget\" data-widget_type=\"icon-box.default\">\n\t\t\t\t<div class=\"elementor-widget-container\">\n\t\t\t\t\t<div class=\"elementor-icon-box-wrapper\">\n\n\t\t\t\t\t\t<div class=\"elementor-icon-box-icon\">\n\t\t\t\t<a href=\"https:\/\/fpmc.qroo.gob.mx\/index.php\/articulo-92\/\" class=\"elementor-icon elementor-animation-\" tabindex=\"-1\">\n\t\t\t\t<i aria-hidden=\"true\" class=\"icon icon-open-book\"><\/i>\t\t\t\t<\/a>\n\t\t\t<\/div>\n\t\t\t\n\t\t\t\t\t\t<div class=\"elementor-icon-box-content\">\n\n\t\t\t\t\t\t\t\t\t<h3 class=\"elementor-icon-box-title\">\n\t\t\t\t\t\t<a href=\"https:\/\/fpmc.qroo.gob.mx\/index.php\/articulo-92\/\" >\n\t\t\t\t\t\t\tArt\u00edculo 92\t\t\t\t\t\t<\/a>\n\t\t\t\t\t<\/h3>\n\t\t\t\t\n\t\t\t\t\n\t\t\t<\/div>\n\t\t\t\n\t\t<\/div>\n\t\t\t\t<\/div>\n\t\t\t\t<\/div>\n\t\t\t\t<\/div>\n\t\t<div class=\"elementor-element elementor-element-36e8cbf e-grid e-con-full e-con e-child\" data-id=\"36e8cbf\" data-element_type=\"container\" data-settings=\"{&quot;background_background&quot;:&quot;classic&quot;}\">\n\t\t\t\t<div class=\"elementor-element elementor-element-d5cf043 elementor-view-default elementor-position-top elementor-mobile-position-top elementor-widget elementor-widget-icon-box\" data-id=\"d5cf043\" data-element_type=\"widget\" data-widget_type=\"icon-box.default\">\n\t\t\t\t<div class=\"elementor-widget-container\">\n\t\t\t\t\t<div class=\"elementor-icon-box-wrapper\">\n\n\t\t\t\t\t\t<div class=\"elementor-icon-box-icon\">\n\t\t\t\t<a href=\"https:\/\/fpmc.qroo.gob.mx\/index.php\/articulo-93\/\" class=\"elementor-icon elementor-animation-\" tabindex=\"-1\">\n\t\t\t\t<i aria-hidden=\"true\" class=\"icon icon-open-book\"><\/i>\t\t\t\t<\/a>\n\t\t\t<\/div>\n\t\t\t\n\t\t\t\t\t\t<div class=\"elementor-icon-box-content\">\n\n\t\t\t\t\t\t\t\t\t<h3 class=\"elementor-icon-box-title\">\n\t\t\t\t\t\t<a href=\"https:\/\/fpmc.qroo.gob.mx\/index.php\/articulo-93\/\" >\n\t\t\t\t\t\t\tArt\u00edculo 93\t\t\t\t\t\t<\/a>\n\t\t\t\t\t<\/h3>\n\t\t\t\t\n\t\t\t\t\n\t\t\t<\/div>\n\t\t\t\n\t\t<\/div>\n\t\t\t\t<\/div>\n\t\t\t\t<\/div>\n\t\t\t\t<\/div>\n\t\t\t\t<\/div>\n\t\t\t\t\t<\/div>\n\t\t\t\t<\/div>\n\t\t<div class=\"elementor-element elementor-element-8d76872 e-flex e-con-boxed e-con e-parent\" data-id=\"8d76872\" data-element_type=\"container\">\n\t\t\t\t\t<div class=\"e-con-inner\">\n\t\t\t\t<div class=\"elementor-element elementor-element-54bab54 elementor-widget-divider--view-line elementor-widget elementor-widget-divider\" data-id=\"54bab54\" data-element_type=\"widget\" data-widget_type=\"divider.default\">\n\t\t\t\t<div class=\"elementor-widget-container\">\n\t\t\t\t\t<div class=\"elementor-divider\">\n\t\t\t<span class=\"elementor-divider-separator\">\n\t\t\t\t\t\t<\/span>\n\t\t<\/div>\n\t\t\t\t<\/div>\n\t\t\t\t<\/div>\n\t\t\t\t\t<\/div>\n\t\t\t\t<\/div>\n\t\t\t\t<\/div>\n\t\t","protected":false},"excerpt":{"rendered":"<p>Obligaciones de Transparencia Art\u00edculos Art\u00edculo 91 Art\u00edculo 92 Art\u00edculo 93<\/p>\n","protected":false},"author":5,"featured_media":0,"parent":0,"menu_order":0,"comment_status":"closed","ping_status":"closed","template":"","meta":{"footnotes":""},"class_list":["post-37446","page","type-page","status-publish"],"yoast_head":"<!-- This site is optimized with the Yoast SEO plugin v23.6 - https:\/\/yoast.com\/wordpress\/plugins\/seo\/ -->\n<title>Obligaciones de Transparencia - Fundaci\u00f3n de Parques y Museos de Cozumel<\/title>\n<meta name=\"robots\" content=\"index, follow, max-snippet:-1, max-image-preview:large, max-video-preview:-1\" \/>\n<link rel=\"canonical\" href=\"https:\/\/fpmc.qroo.gob.mx\/index.php\/obligaciones-de-transparencia\/\" \/>\n<meta property=\"og:locale\" content=\"es_MX\" \/>\n<meta property=\"og:type\" content=\"article\" \/>\n<meta property=\"og:title\" content=\"Obligaciones de Transparencia - Fundaci\u00f3n de Parques y Museos de Cozumel\" \/>\n<meta property=\"og:description\" content=\"Obligaciones de Transparencia Art\u00edculos Art\u00edculo 91 Art\u00edculo 92 Art\u00edculo 93\" \/>\n<meta property=\"og:url\" content=\"https:\/\/fpmc.qroo.gob.mx\/index.php\/obligaciones-de-transparencia\/\" \/>\n<meta property=\"og:site_name\" content=\"Fundaci\u00f3n de Parques y Museos de Cozumel\" \/>\n<meta property=\"article:modified_time\" content=\"2026-04-20T18:12:01+00:00\" \/>\n<meta name=\"twitter:card\" content=\"summary_large_image\" \/>\n<meta name=\"twitter:label1\" content=\"Tiempo de lectura\" \/>\n\t<meta name=\"twitter:data1\" content=\"1 minuto\" \/>\n<script type=\"application\/ld+json\" class=\"yoast-schema-graph\">{\"@context\":\"https:\/\/schema.org\",\"@graph\":[{\"@type\":\"WebPage\",\"@id\":\"https:\/\/fpmc.qroo.gob.mx\/index.php\/obligaciones-de-transparencia\/\",\"url\":\"https:\/\/fpmc.qroo.gob.mx\/index.php\/obligaciones-de-transparencia\/\",\"name\":\"Obligaciones de Transparencia - Fundaci\u00f3n de Parques y Museos de Cozumel\",\"isPartOf\":{\"@id\":\"https:\/\/fpmc.qroo.gob.mx\/#website\"},\"datePublished\":\"2026-04-20T18:04:39+00:00\",\"dateModified\":\"2026-04-20T18:12:01+00:00\",\"breadcrumb\":{\"@id\":\"https:\/\/fpmc.qroo.gob.mx\/index.php\/obligaciones-de-transparencia\/#breadcrumb\"},\"inLanguage\":\"es\",\"potentialAction\":[{\"@type\":\"ReadAction\",\"target\":[\"https:\/\/fpmc.qroo.gob.mx\/index.php\/obligaciones-de-transparencia\/\"]}]},{\"@type\":\"BreadcrumbList\",\"@id\":\"https:\/\/fpmc.qroo.gob.mx\/index.php\/obligaciones-de-transparencia\/#breadcrumb\",\"itemListElement\":[{\"@type\":\"ListItem\",\"position\":1,\"name\":\"Inicio\",\"item\":\"https:\/\/fpmc.qroo.gob.mx\/\"},{\"@type\":\"ListItem\",\"position\":2,\"name\":\"Obligaciones de Transparencia\"}]},{\"@type\":\"WebSite\",\"@id\":\"https:\/\/fpmc.qroo.gob.mx\/#website\",\"url\":\"https:\/\/fpmc.qroo.gob.mx\/\",\"name\":\"Fundaci\u00f3n de Parques y Museos de Cozumel\",\"description\":\"\",\"publisher\":{\"@id\":\"https:\/\/fpmc.qroo.gob.mx\/#organization\"},\"potentialAction\":[{\"@type\":\"SearchAction\",\"target\":{\"@type\":\"EntryPoint\",\"urlTemplate\":\"https:\/\/fpmc.qroo.gob.mx\/?s={search_term_string}\"},\"query-input\":{\"@type\":\"PropertyValueSpecification\",\"valueRequired\":true,\"valueName\":\"search_term_string\"}}],\"inLanguage\":\"es\"},{\"@type\":\"Organization\",\"@id\":\"https:\/\/fpmc.qroo.gob.mx\/#organization\",\"name\":\"Fundaci\u00f3n de Parques y Museos de Cozumel\",\"url\":\"https:\/\/fpmc.qroo.gob.mx\/\",\"logo\":{\"@type\":\"ImageObject\",\"inLanguage\":\"es\",\"@id\":\"https:\/\/fpmc.qroo.gob.mx\/#\/schema\/logo\/image\/\",\"url\":\"https:\/\/fpmc.qroo.gob.mx\/wp-content\/uploads\/2024\/03\/logo-de-gobierno.png\",\"contentUrl\":\"https:\/\/fpmc.qroo.gob.mx\/wp-content\/uploads\/2024\/03\/logo-de-gobierno.png\",\"width\":1876,\"height\":596,\"caption\":\"Fundaci\u00f3n de Parques y Museos de Cozumel\"},\"image\":{\"@id\":\"https:\/\/fpmc.qroo.gob.mx\/#\/schema\/logo\/image\/\"}}]}<\/script>\n<!-- \/ Yoast SEO plugin. -->","yoast_head_json":{"title":"Obligaciones de Transparencia - Fundaci\u00f3n de Parques y Museos de Cozumel","robots":{"index":"index","follow":"follow","max-snippet":"max-snippet:-1","max-image-preview":"max-image-preview:large","max-video-preview":"max-video-preview:-1"},"canonical":"https:\/\/fpmc.qroo.gob.mx\/index.php\/obligaciones-de-transparencia\/","og_locale":"es_MX","og_type":"article","og_title":"Obligaciones de Transparencia - Fundaci\u00f3n de Parques y Museos de Cozumel","og_description":"Obligaciones de Transparencia Art\u00edculos Art\u00edculo 91 Art\u00edculo 92 Art\u00edculo 93","og_url":"https:\/\/fpmc.qroo.gob.mx\/index.php\/obligaciones-de-transparencia\/","og_site_name":"Fundaci\u00f3n de Parques y Museos de Cozumel","article_modified_time":"2026-04-20T18:12:01+00:00","twitter_card":"summary_large_image","twitter_misc":{"Tiempo de lectura":"1 minuto"},"schema":{"@context":"https:\/\/schema.org","@graph":[{"@type":"WebPage","@id":"https:\/\/fpmc.qroo.gob.mx\/index.php\/obligaciones-de-transparencia\/","url":"https:\/\/fpmc.qroo.gob.mx\/index.php\/obligaciones-de-transparencia\/","name":"Obligaciones de Transparencia - Fundaci\u00f3n de Parques y Museos de Cozumel","isPartOf":{"@id":"https:\/\/fpmc.qroo.gob.mx\/#website"},"datePublished":"2026-04-20T18:04:39+00:00","dateModified":"2026-04-20T18:12:01+00:00","breadcrumb":{"@id":"https:\/\/fpmc.qroo.gob.mx\/index.php\/obligaciones-de-transparencia\/#breadcrumb"},"inLanguage":"es","potentialAction":[{"@type":"ReadAction","target":["https:\/\/fpmc.qroo.gob.mx\/index.php\/obligaciones-de-transparencia\/"]}]},{"@type":"BreadcrumbList","@id":"https:\/\/fpmc.qroo.gob.mx\/index.php\/obligaciones-de-transparencia\/#breadcrumb","itemListElement":[{"@type":"ListItem","position":1,"name":"Inicio","item":"https:\/\/fpmc.qroo.gob.mx\/"},{"@type":"ListItem","position":2,"name":"Obligaciones de Transparencia"}]},{"@type":"WebSite","@id":"https:\/\/fpmc.qroo.gob.mx\/#website","url":"https:\/\/fpmc.qroo.gob.mx\/","name":"Fundaci\u00f3n de Parques y Museos de Cozumel","description":"","publisher":{"@id":"https:\/\/fpmc.qroo.gob.mx\/#organization"},"potentialAction":[{"@type":"SearchAction","target":{"@type":"EntryPoint","urlTemplate":"https:\/\/fpmc.qroo.gob.mx\/?s={search_term_string}"},"query-input":{"@type":"PropertyValueSpecification","valueRequired":true,"valueName":"search_term_string"}}],"inLanguage":"es"},{"@type":"Organization","@id":"https:\/\/fpmc.qroo.gob.mx\/#organization","name":"Fundaci\u00f3n de Parques y Museos de Cozumel","url":"https:\/\/fpmc.qroo.gob.mx\/","logo":{"@type":"ImageObject","inLanguage":"es","@id":"https:\/\/fpmc.qroo.gob.mx\/#\/schema\/logo\/image\/","url":"https:\/\/fpmc.qroo.gob.mx\/wp-content\/uploads\/2024\/03\/logo-de-gobierno.png","contentUrl":"https:\/\/fpmc.qroo.gob.mx\/wp-content\/uploads\/2024\/03\/logo-de-gobierno.png","width":1876,"height":596,"caption":"Fundaci\u00f3n de Parques y Museos de Cozumel"},"image":{"@id":"https:\/\/fpmc.qroo.gob.mx\/#\/schema\/logo\/image\/"}}]}},"_links":{"self":[{"href":"https:\/\/fpmc.qroo.gob.mx\/index.php\/wp-json\/wp\/v2\/pages\/37446"}],"collection":[{"href":"https:\/\/fpmc.qroo.gob.mx\/index.php\/wp-json\/wp\/v2\/pages"}],"about":[{"href":"https:\/\/fpmc.qroo.gob.mx\/index.php\/wp-json\/wp\/v2\/types\/page"}],"author":[{"embeddable":true,"href":"https:\/\/fpmc.qroo.gob.mx\/index.php\/wp-json\/wp\/v2\/users\/5"}],"replies":[{"embeddable":true,"href":"https:\/\/fpmc.qroo.gob.mx\/index.php\/wp-json\/wp\/v2\/comments?post=37446"}],"version-history":[{"count":10,"href":"https:\/\/fpmc.qroo.gob.mx\/index.php\/wp-json\/wp\/v2\/pages\/37446\/revisions"}],"predecessor-version":[{"id":37457,"href":"https:\/\/fpmc.qroo.gob.mx\/index.php\/wp-json\/wp\/v2\/pages\/37446\/revisions\/37457"}],"wp:attachment":[{"href":"https:\/\/fpmc.qroo.gob.mx\/index.php\/wp-json\/wp\/v2\/media?parent=37446"}],"curies":[{"name":"wp","href":"https:\/\/api.w.org\/{rel}","templated":true}]}}